{"id":38,"date":"2024-07-23T16:03:18","date_gmt":"2024-07-23T14:03:18","guid":{"rendered":"https:\/\/refletsdames.fr\/?page_id=38"},"modified":"2026-02-05T17:16:18","modified_gmt":"2026-02-05T16:16:18","slug":"formules","status":"publish","type":"page","link":"https:\/\/refletsdames.fr\/?page_id=38","title":{"rendered":"Formules"},"content":{"rendered":"\n<h3 class=\"wp-block-heading alignfull has-text-align-center has-black-background-color has-background has-normal-font-size\"><strong>Mariages<\/strong>&nbsp;<\/h3>\n\n\n\n<p class=\"has-text-align-center has-light-gray-color has-text-color has-link-color wp-elements-e108aa3c5e28aeae0c02997fbf0447e4\">4 formules \u00e0 partir de 800 \u20ac<\/p>\n\n\n\n<p class=\"has-text-align-center has-light-gray-color has-text-color has-link-color wp-elements-4c5af02bbdc55ff7aa18338bf660e72e\"> Selon votre budget il est possible d&rsquo;adapter le temps de pr\u00e9sence.<\/p>\n\n\n\n<div class=\"wp-block-group is-vertical is-layout-flex wp-container-core-group-is-layout-8cf370e7 wp-block-group-is-layout-flex\">\n<p class=\"has-light-gray-color has-text-color has-link-color wp-elements-7cf15a9e9b2e863bbaec6478bedd980d\"><em><strong>C\u00e9r\u00e9monie<\/strong><\/em>&nbsp;<\/p>\n\n\n\n<p>Je serai pr\u00e9sente de l\u2019arriv\u00e9e \u00e0 la mairie \u00e0 la fin du vin d\u2019honneur<\/p>\n\n\n\n<p><\/p>\n<\/div>\n\n\n\n<div class=\"wp-block-group is-vertical is-layout-flex wp-container-core-group-is-layout-8cf370e7 wp-block-group-is-layout-flex\">\n<p class=\"has-light-gray-color has-text-color has-link-color wp-elements-50d2f95d4388904693c204ad03e85749\"><em><strong>Le calme avant la f\u00eate<\/strong><\/em> <\/p>\n\n\n\n<p>Je serai pr\u00e9sente des pr\u00e9paratifs des mari\u00e9s \u00e0 la fin du vin d\u2019honneur<\/p>\n\n\n\n<p><\/p>\n<\/div>\n\n\n\n<div class=\"wp-block-group is-vertical is-layout-flex wp-container-core-group-is-layout-8cf370e7 wp-block-group-is-layout-flex\">\n<p class=\"has-light-gray-color has-text-color has-link-color wp-elements-84922cad6c1899f96823d7627cdd034d\"><em><strong>Main dans la main<\/strong><\/em> <\/p>\n\n\n\n<p>Je serai pr\u00e9sente de l\u2019arriv\u00e9e \u00e0 la mairie \u00e0 l\u2019arriv\u00e9e du dessert<\/p>\n\n\n\n<p><\/p>\n<\/div>\n\n\n\n<div class=\"wp-block-group is-vertical is-layout-flex wp-container-core-group-is-layout-8cf370e7 wp-block-group-is-layout-flex\">\n<p class=\"has-light-gray-color has-text-color has-link-color wp-elements-97f2f48e9878137f06fdc09384588df1\"><em><strong>Ne rien louper<\/strong><\/em>&nbsp;<\/p>\n\n\n\n<p>Je serai pr\u00e9sente des pr\u00e9paratifs des mari\u00e9s \u00e0 l\u2019arriv\u00e9e du dessert<\/p>\n<\/div>\n\n\n\n<p><\/p>\n\n\n\n<div class=\"wp-block-group is-vertical is-layout-flex wp-container-core-group-is-layout-8cf370e7 wp-block-group-is-layout-flex\">\n<p class=\"has-light-gray-color has-text-color has-link-color wp-elements-35b9ee25fb17f549bf9057219b6a2c5e\">Option livre photo possible.<\/p>\n\n\n\n<p><\/p>\n\n\n\n<p class=\"has-light-gray-color has-text-color has-link-color wp-elements-019283ac71a4dffe5ed3d6d97c986a53\">Si vous souhaitez un temps de pr\u00e9sence diff\u00e9rent de ceux propos\u00e9s dans les formules n\u2019h\u00e9sitez pas \u00e0 m\u2019\u00e9crire afin d\u2019obtenir un devis sur mesure.<\/p>\n<\/div>\n\n\n\n<p><\/p>\n\n\n\n<figure class=\"wp-block-image size-large\"><img loading=\"lazy\" decoding=\"async\" width=\"2048\" height=\"717\" src=\"https:\/\/refletsdames.fr\/wp-content\/uploads\/2026\/01\/IMG_4183DXO-2048x717.jpg\" alt=\"\" class=\"wp-image-1092\" srcset=\"https:\/\/refletsdames.fr\/wp-content\/uploads\/2026\/01\/IMG_4183DXO-2048x717.jpg 2048w, https:\/\/refletsdames.fr\/wp-content\/uploads\/2026\/01\/IMG_4183DXO-600x210.jpg 600w, https:\/\/refletsdames.fr\/wp-content\/uploads\/2026\/01\/IMG_4183DXO-768x269.jpg 768w, https:\/\/refletsdames.fr\/wp-content\/uploads\/2026\/01\/IMG_4183DXO-1536x538.jpg 1536w\" sizes=\"auto, (max-width: 2048px) 100vw, 2048px\" \/><\/figure>\n\n\n\n<h3 class=\"wp-block-heading alignfull has-text-align-center has-gray-background-color has-background has-normal-font-size\"><strong>Entreprises<\/strong><\/h3>\n\n\n\n<p>Vous souhaitez cr\u00e9er un site internet ou renouveler vos supports de communication et avez besoin de photographies de qualit\u00e9&nbsp;? Vous avez besoin de renouveler votre stock de contenu, afin de rester \u00e0 jour sur vos pages en ligne. Un besoin urgent de refaire votre organigramme ou un portrait LinkedIn\u2026<\/p>\n\n\n\n<p>Que vous soyez une entreprise de cosm\u00e9tiques, de paysage, de vente de produits frais, un bar, un restaurant, un h\u00f4tel, un \u00e9leveur, un artisan ou un service public, je serai ravie de r\u00e9pondre \u00e0 votre demande.<\/p>\n\n\n\n<p class=\"has-light-gray-color has-text-color has-link-color wp-elements-c1b568672fd5ca39e38197b0c7ec4173\"><strong>Ecrivez-moi afin d\u2019obtenir votre devis sur mesure&nbsp;!<\/strong><\/p>\n\n\n\n<p class=\"has-text-color has-link-color wp-elements-b255381cd9e046246f2aa04dacd92a7a\" style=\"color:#ffceeb\">Sinon optez pour l&rsquo;une des 3 formules ci-dessous (\u00e0 partir de 170\u20ac) :<\/p>\n\n\n\n<ul style=\"color:#ffceeb\" class=\"wp-block-list has-text-color has-link-color wp-elements-e257a836d0699f33fc6df2c57d2b8333\">\n<li class=\"has-text-color has-link-color has-normal-font-size wp-elements-e99b782991768d362f466371fa12b8b1\" style=\"color:#ffceeb\">Unique : <br>1 s\u00e9ance de 2 h max, galerie priv\u00e9e en ligne sous 30 jours, pr\u00e9 rdv t\u00e9l\u00e9phonique ou physique<br><\/li>\n\n\n\n<li class=\"has-text-color has-link-color has-normal-font-size wp-elements-8e5b99de0815e06356e7a9cd0af24e3c\" style=\"color:#ffceeb\">Pack :<br>3 s\u00e9ances d&rsquo;1 h, galerie priv\u00e9e en ligne sous 30 jours, pr\u00e9 rdv t\u00e9l\u00e9phonique ou physique<br><\/li>\n\n\n\n<li class=\"has-text-color has-link-color has-normal-font-size wp-elements-5f39ea894728bf0a9feeadc11fdb960d\" style=\"color:#ffceeb\">Partenaires :<br>10 s\u00e9ances d&rsquo;1 h dans l&rsquo;ann\u00e9e, galerie priv\u00e9e en ligne sous 30 jours, rdv physiques et suivi \u00e0 distance<\/li>\n<\/ul>\n\n\n<div class=\"wp-block-image\">\n<figure class=\"aligncenter size-large\"><img loading=\"lazy\" decoding=\"async\" width=\"2048\" height=\"601\" src=\"https:\/\/refletsdames.fr\/wp-content\/uploads\/2026\/01\/IMG_3505DXO-2048x601.jpg\" alt=\"\" class=\"wp-image-1084\" srcset=\"https:\/\/refletsdames.fr\/wp-content\/uploads\/2026\/01\/IMG_3505DXO-2048x601.jpg 2048w, https:\/\/refletsdames.fr\/wp-content\/uploads\/2026\/01\/IMG_3505DXO-600x176.jpg 600w, https:\/\/refletsdames.fr\/wp-content\/uploads\/2026\/01\/IMG_3505DXO-768x226.jpg 768w, https:\/\/refletsdames.fr\/wp-content\/uploads\/2026\/01\/IMG_3505DXO-1536x451.jpg 1536w\" sizes=\"auto, (max-width: 2048px) 100vw, 2048px\" \/><\/figure>\n<\/div>\n\n\n<h3 class=\"wp-block-heading alignfull has-text-align-center has-white-color has-gray-background-color has-text-color has-background has-link-color has-normal-font-size wp-elements-5378d87e8f8fceefcca5288aaab2b085\"><strong>Grossesses<\/strong><\/h3>\n\n\n\n<p>D\u00e9couvrez mes 3 formules sp\u00e9ciales grossesses, abordables et authentiques.<\/p>\n\n\n\n<p>Que vous souhaitiez une s\u00e9ance en ext\u00e9rieur, en studio ou les 2 ? C&rsquo;est possible ! Cr\u00e9ons ensemble de jolis souvenirs intemporels de cette aventure. <\/p>\n\n\n\n<p>Le <strong>7\u00e8me mois de grossesse<\/strong> est le moment id\u00e9al, votre ventre est bien arrondi et vous \u00eates encore \u00e0 l&rsquo;aise pour poser. Vous pouvez porter 2 ou 3 tenues diff\u00e9rentes, je suis l\u00e0 pour vous conseiller bien \u00e9videmment.<\/p>\n\n\n\n<p>J&rsquo;ai fais le choix de ne pas imposer un nombre restreint de photos bas, je vous autorise \u00e0 choisir 30 photos maximum parmi l&rsquo;ensemble de celles r\u00e9alis\u00e9es.<\/p>\n\n\n\n<p class=\"has-text-color has-link-color wp-elements-5caad07b183166bd84348ad5e3e59609\" style=\"color:#ffceeb;text-decoration:underline\">Les formules grossesses (\u00e0 partir de 65\u20ac)<\/p>\n\n\n\n<ul class=\"wp-block-list\">\n<li class=\"has-text-color has-link-color has-normal-font-size wp-elements-23d8143b9196eb555e550fde7f34bb13\" style=\"color:#ffceeb\">Ext\u00e9rieur : La s\u00e9ance photo en ext\u00e9rieur dure environ 45 minutes, elle peut se d\u00e9rouler dans le lieu de votre choix. Profitons d&rsquo;une lumi\u00e8re naturelle et de l&rsquo;apaisement ext\u00e9rieur pour capturer ensemble des souvenirs uniques et authentiques.<br><br><\/li>\n\n\n\n<li class=\"has-text-color has-link-color has-normal-font-size wp-elements-45608e555fbb1be46e1a91cb09359d46\" style=\"color:#ffceeb\">Studio : La s\u00e9ance photo en studio dure environ 45 minutes. Elle offre un cadre intime, id\u00e9al pour faire des portraits \u00e9l\u00e9gants et lumineux. Le studio se trouve \u00e0 Peyrilles, la place est limit\u00e9e \u00e0 2 personnes + 1 enfant. Les photos que je propose sont sans artifices, laissez vous guider et d\u00e9tendez vous&#8230;<br><br><\/li>\n\n\n\n<li class=\"has-text-color has-link-color has-normal-font-size wp-elements-52f4102cb710b724ef9c49d5ed5289c4\" style=\"color:#ffceeb\">Mi ext\u00e9rieur \/ Mi Studio : Cette s\u00e9ance dure environ 1 heure, elle combine les deux univers. Repartez avec des portraits raffin\u00e9s r\u00e9alis\u00e9s en studio et des photos naturelles et spontan\u00e9es prises en ext\u00e9rieur. 2 salles, 2 ambiances et 2 ou 3 tenues soyons fous !<\/li>\n<\/ul>\n\n\n<div class=\"wp-block-image\">\n<figure class=\"aligncenter size-large\"><img loading=\"lazy\" decoding=\"async\" width=\"2048\" height=\"522\" src=\"https:\/\/refletsdames.fr\/wp-content\/uploads\/2026\/01\/Photo-27-10-2024-13-05-44-2048x522.jpg\" alt=\"\" class=\"wp-image-1087\" srcset=\"https:\/\/refletsdames.fr\/wp-content\/uploads\/2026\/01\/Photo-27-10-2024-13-05-44-2048x522.jpg 2048w, https:\/\/refletsdames.fr\/wp-content\/uploads\/2026\/01\/Photo-27-10-2024-13-05-44-600x153.jpg 600w, https:\/\/refletsdames.fr\/wp-content\/uploads\/2026\/01\/Photo-27-10-2024-13-05-44-768x196.jpg 768w, https:\/\/refletsdames.fr\/wp-content\/uploads\/2026\/01\/Photo-27-10-2024-13-05-44-1536x391.jpg 1536w\" sizes=\"auto, (max-width: 2048px) 100vw, 2048px\" \/><\/figure>\n<\/div>\n\n\n<h3 class=\"wp-block-heading alignfull has-text-align-center has-gray-background-color has-background has-normal-font-size\"><strong>Familles<\/strong><\/h3>\n\n\n\n<p>A mi-chemin entre les formules grossesses et les bons cadeaux, les formules familles sont faites pour vous.<\/p>\n\n\n\n<p>Ces s\u00e9ances se font de pr\u00e9f\u00e9rences en ext\u00e9rieur, dans un lieu d\u00e9fini ensemble. Elles permettent de venir nombreux, accompagn\u00e9 de votre animal de compagnie si vous le souhaitez&#8230; <\/p>\n\n\n\n<p>C&rsquo;est l&rsquo;occasion d&rsquo;avoir des photos o\u00f9 vous \u00eates r\u00e9unis car vous \u00eates nombreux \u00e0 ne pas avoir assez de photos en famille autres que vos selfies pr\u00e9f\u00e9r\u00e9s !<\/p>\n\n\n\n<p>Je vous propose g\u00e9n\u00e9ralement <strong>40 min de shooting au tarif de 60\u20ac hors frais de d\u00e9placements<\/strong>. Mais il est possible d&rsquo;adapter cette formule.<\/p>\n\n\n\n<p>Il arrive que je propose des formules sp\u00e9ciales lors de p\u00e9riodes particuli\u00e8res comme No\u00ebl, p\u00e2ques, Halloween ou autre&#8230; Tenez vous inform\u00e9s via mes r\u00e9seaux sociaux. <\/p>\n\n\n\n<p>Comptes Instagram et Facebook (liens en bas de page).<\/p>\n\n\n<div class=\"wp-block-image\">\n<figure class=\"aligncenter size-large\"><img loading=\"lazy\" decoding=\"async\" width=\"2048\" height=\"600\" src=\"https:\/\/refletsdames.fr\/wp-content\/uploads\/2026\/01\/IMG_4862DXO-2048x600.jpg\" alt=\"\" class=\"wp-image-1089\" srcset=\"https:\/\/refletsdames.fr\/wp-content\/uploads\/2026\/01\/IMG_4862DXO-2048x600.jpg 2048w, https:\/\/refletsdames.fr\/wp-content\/uploads\/2026\/01\/IMG_4862DXO-600x176.jpg 600w, https:\/\/refletsdames.fr\/wp-content\/uploads\/2026\/01\/IMG_4862DXO-768x225.jpg 768w, https:\/\/refletsdames.fr\/wp-content\/uploads\/2026\/01\/IMG_4862DXO-1536x450.jpg 1536w\" sizes=\"auto, (max-width: 2048px) 100vw, 2048px\" \/><\/figure>\n<\/div>\n\n\n<h2 class=\"wp-block-heading alignfull has-text-align-center has-gray-background-color has-background has-normal-font-size\"><strong>Studio<\/strong><\/h2>\n\n\n\n<p>Je vous propose des <strong>formules photographie en studio<\/strong> pens\u00e9es pour des s\u00e9ances intimistes et authentiques, dans un cadre calme et confortable.<\/p>\n\n\n\n<p>Le studio est un <strong>espace \u00e0 taille humaine<\/strong>, sp\u00e9cialement am\u00e9nag\u00e9 pour accueillir <strong>jusqu\u2019\u00e0 deux adultes et un ou deux enfants maximum<\/strong>. Cette configuration permet de pr\u00e9server une atmosph\u00e8re conviviale et d\u00e9tendue, id\u00e9ale pour obtenir des images naturelles et expressives, tout en garantissant une attention personnalis\u00e9e \u00e0 chaque s\u00e9ance.<\/p>\n\n\n\n<p>I<strong>nstall\u00e9 \u00e0 mon domicile, \u00e0 Peyrilles<\/strong>, dans un environnement priv\u00e9 et chaleureux, cet espace me permet de travailler dans des conditions professionnelles tout en offrant un accueil discret et rassurant. Particuli\u00e8rement adapt\u00e9 aux s\u00e9ances grossesses, lingerie ou pour des portraits individuels.<\/p>\n\n\n\n<p>La s\u00e9ance est r\u00e9alis\u00e9e sur rendez-vous et comprend :<\/p>\n\n\n\n<ul class=\"wp-block-list\">\n<li>l\u2019accueil et l\u2019installation dans le studio,<\/li>\n\n\n\n<li>l\u2019accompagnement tout au long de la prise de vue,<\/li>\n\n\n\n<li>des conseils sur les postures et l\u2019attitude devant l\u2019objectif,<\/li>\n\n\n\n<li>une ambiance calme favorisant la spontan\u00e9it\u00e9 et la complicit\u00e9.<\/li>\n<\/ul>\n\n\n\n<p>Les tarifs varient selon la s\u00e9ance souhait\u00e9e. Vous pouvez me t\u00e9l\u00e9phoner ou m&rsquo;\u00e9crire afin d&rsquo;\u00e9changer ensemble et que je puisse r\u00e9pondre \u00e0 vos questions.<\/p>\n\n\n\n<p>Ces formules studio sont id\u00e9ales pour des <strong>portraits, des photos de grossesse, des s\u00e9ances parents\/enfants ou des projets personnels<\/strong>.<\/p>\n\n\n<div class=\"wp-block-image\">\n<figure class=\"aligncenter size-large\"><img loading=\"lazy\" decoding=\"async\" width=\"2048\" height=\"535\" src=\"https:\/\/refletsdames.fr\/wp-content\/uploads\/2026\/01\/IMG_5901-2048x535.jpg\" alt=\"\" class=\"wp-image-1081\" srcset=\"https:\/\/refletsdames.fr\/wp-content\/uploads\/2026\/01\/IMG_5901-2048x535.jpg 2048w, https:\/\/refletsdames.fr\/wp-content\/uploads\/2026\/01\/IMG_5901-600x157.jpg 600w, https:\/\/refletsdames.fr\/wp-content\/uploads\/2026\/01\/IMG_5901-768x200.jpg 768w, https:\/\/refletsdames.fr\/wp-content\/uploads\/2026\/01\/IMG_5901-1536x401.jpg 1536w\" sizes=\"auto, (max-width: 2048px) 100vw, 2048px\" \/><\/figure>\n<\/div>\n\n\n<h3 class=\"wp-block-heading alignfull has-text-align-center has-gray-background-color has-background has-normal-font-size\"><strong>Bons cadeaux<\/strong><\/h3>\n\n\n\n<p class=\"has-light-gray-color has-text-color has-link-color wp-elements-4a00f0ab148f9cc82fa6878ff6c84521\"><strong><em>Bon cadeau <\/em><\/strong><\/p>\n\n\n\n<p>40 min de shooting &#8211; 60\u20ac hors frais de d\u00e9placements<\/p>\n\n\n\n<p>Valable 1 an \u00e0 compter de la date d\u2019achat<\/p>\n\n\n\n<p>Un cadeau abordable, qui permet \u00e0 toute la famille d\u2019\u00eatre sur les photos&nbsp;! Un m\u00e9lange d\u2019amour et de fun, \u00e7a fait du bien de l\u00e2cher prise&nbsp;!<\/p>\n\n\n\n<p class=\"has-light-gray-color has-text-color has-link-color wp-elements-2c24991690fa39e1a03afaec4c9ce74b\"><strong><em>Bon cadeau sur mesure<\/em><\/strong><\/p>\n\n\n\n<p class=\"has-medium-gray-color has-text-color has-link-color wp-elements-79fc7d1cec8fe7a69f103fcd34c685c9\">Tu souhaites offrir une s\u00e9ance photo \u00e0 un ami, un coll\u00e8gue ou ta cousine ador\u00e9e. Explique moi ce dont tu as envie et je te cr\u00e9e un bon sur mesure \u00e0 lui offrir. <\/p>\n\n\n\n<h3 class=\"wp-block-heading alignfull has-text-align-center has-gray-background-color has-background has-normal-font-size\"><strong>Autres<\/strong><\/h3>\n\n\n\n<p>Bapt\u00eames, anniversaires, EVG, EVJF, baby showers, manifestations sportives&#8230;<\/p>\n\n\n<div class=\"wp-block-image\">\n<figure class=\"aligncenter size-large\"><img loading=\"lazy\" decoding=\"async\" width=\"1024\" height=\"314\" src=\"http:\/\/refletsdames.fr\/wp-content\/uploads\/2024\/07\/IMG_2929-1024x314.jpg\" alt=\"\" class=\"wp-image-223\" srcset=\"https:\/\/refletsdames.fr\/wp-content\/uploads\/2024\/07\/IMG_2929-1024x314.jpg 1024w, https:\/\/refletsdames.fr\/wp-content\/uploads\/2024\/07\/IMG_2929-300x92.jpg 300w, https:\/\/refletsdames.fr\/wp-content\/uploads\/2024\/07\/IMG_2929-768x235.jpg 768w, https:\/\/refletsdames.fr\/wp-content\/uploads\/2024\/07\/IMG_2929-1536x471.jpg 1536w, https:\/\/refletsdames.fr\/wp-content\/uploads\/2024\/07\/IMG_2929-2048x628.jpg 2048w\" sizes=\"auto, (max-width: 1024px) 100vw, 1024px\" \/><\/figure>\n<\/div>\n\n\n<div class=\"wp-block-buttons is-content-justification-center is-layout-flex wp-container-core-buttons-is-layout-16018d1d wp-block-buttons-is-layout-flex\">\n<div class=\"wp-block-button\"><a class=\"wp-block-button__link has-black-color has-text-color has-background has-link-color wp-element-button\" href=\"https:\/\/refletsdames.fr\/?page_id=106\" style=\"background-color:#ffceeb\">Galeries<\/a><\/div>\n<\/div>\n\n\n\n<p><\/p>\n\n\n\n<p class=\"has-text-color has-link-color wp-elements-0021c44b50a74fb553935e265dadae02\" style=\"color:#000000\">Photos d&rsquo;entreprise lot &#8211; Photographe grossesse lot &#8211; Photographe bapt\u00eame lot &#8211; Photographe anniversaire lot &#8211; Photographe mariage lot &#8211; Photographe mariage gourdon<\/p>\n","protected":false},"excerpt":{"rendered":"<p>Mariages&nbsp; 4 formules \u00e0 partir de 800 \u20ac Selon votre budget il est possible d&rsquo;adapter le temps de pr\u00e9sence. C\u00e9r\u00e9monie&nbsp;<\/p>\n<p><a href=\"https:\/\/refletsdames.fr\/?page_id=38\" class=\"more-link\">Continue reading<span class=\"screen-reader-text\">Formules<\/span><\/a><\/p>\n","protected":false},"author":1,"featured_media":190,"parent":0,"menu_order":0,"comment_status":"closed","ping_status":"closed","template":"templates\/full-width-page.php","meta":{"footnotes":""},"class_list":["post-38","page","type-page","status-publish","has-post-thumbnail","hentry"],"yoast_head":"<!-- This site is optimized with the Yoast SEO plugin v26.9 - https:\/\/yoast.com\/product\/yoast-seo-wordpress\/ -->\n<title>Formules - Reflets d&#039;\u00e2mes<\/title>\n<meta name=\"robots\" content=\"index, follow, max-snippet:-1, max-image-preview:large, max-video-preview:-1\" \/>\n<link rel=\"canonical\" href=\"https:\/\/refletsdames.fr\/?page_id=38\" \/>\n<meta property=\"og:locale\" content=\"fr_FR\" \/>\n<meta property=\"og:type\" content=\"article\" \/>\n<meta property=\"og:title\" content=\"Formules - Reflets d&#039;\u00e2mes\" \/>\n<meta property=\"og:description\" content=\"Mariages&nbsp; 4 formules \u00e0 partir de 800 \u20ac Selon votre budget il est possible d&rsquo;adapter le temps de pr\u00e9sence. C\u00e9r\u00e9monie&nbsp;Continue readingFormules\" \/>\n<meta property=\"og:url\" content=\"https:\/\/refletsdames.fr\/?page_id=38\" \/>\n<meta property=\"og:site_name\" content=\"Reflets d&#039;\u00e2mes\" \/>\n<meta property=\"article:publisher\" content=\"https:\/\/www.facebook.com\/profile.php?id=100032786574050\" \/>\n<meta property=\"article:modified_time\" content=\"2026-02-05T16:16:18+00:00\" \/>\n<meta property=\"og:image\" content=\"http:\/\/refletsdames.fr\/wp-content\/uploads\/2024\/07\/img_3679-scaled.jpg\" \/>\n\t<meta property=\"og:image:width\" content=\"2560\" \/>\n\t<meta property=\"og:image:height\" content=\"1707\" \/>\n\t<meta property=\"og:image:type\" content=\"image\/jpeg\" \/>\n<meta name=\"twitter:card\" content=\"summary_large_image\" \/>\n<meta name=\"twitter:label1\" content=\"Dur\u00e9e de lecture estim\u00e9e\" \/>\n\t<meta name=\"twitter:data1\" content=\"7 minutes\" \/>\n<script type=\"application\/ld+json\" class=\"yoast-schema-graph\">{\"@context\":\"https:\/\/schema.org\",\"@graph\":[{\"@type\":\"WebPage\",\"@id\":\"https:\/\/refletsdames.fr\/?page_id=38\",\"url\":\"https:\/\/refletsdames.fr\/?page_id=38\",\"name\":\"Formules - Reflets d&#039;\u00e2mes\",\"isPartOf\":{\"@id\":\"https:\/\/refletsdames.fr\/#website\"},\"primaryImageOfPage\":{\"@id\":\"https:\/\/refletsdames.fr\/?page_id=38#primaryimage\"},\"image\":{\"@id\":\"https:\/\/refletsdames.fr\/?page_id=38#primaryimage\"},\"thumbnailUrl\":\"https:\/\/refletsdames.fr\/wp-content\/uploads\/2024\/07\/img_3679-scaled.jpg\",\"datePublished\":\"2024-07-23T14:03:18+00:00\",\"dateModified\":\"2026-02-05T16:16:18+00:00\",\"breadcrumb\":{\"@id\":\"https:\/\/refletsdames.fr\/?page_id=38#breadcrumb\"},\"inLanguage\":\"fr-FR\",\"potentialAction\":[{\"@type\":\"ReadAction\",\"target\":[\"https:\/\/refletsdames.fr\/?page_id=38\"]}]},{\"@type\":\"ImageObject\",\"inLanguage\":\"fr-FR\",\"@id\":\"https:\/\/refletsdames.fr\/?page_id=38#primaryimage\",\"url\":\"https:\/\/refletsdames.fr\/wp-content\/uploads\/2024\/07\/img_3679-scaled.jpg\",\"contentUrl\":\"https:\/\/refletsdames.fr\/wp-content\/uploads\/2024\/07\/img_3679-scaled.jpg\",\"width\":2560,\"height\":1707},{\"@type\":\"BreadcrumbList\",\"@id\":\"https:\/\/refletsdames.fr\/?page_id=38#breadcrumb\",\"itemListElement\":[{\"@type\":\"ListItem\",\"position\":1,\"name\":\"Accueil\",\"item\":\"https:\/\/refletsdames.fr\/\"},{\"@type\":\"ListItem\",\"position\":2,\"name\":\"Formules\"}]},{\"@type\":\"WebSite\",\"@id\":\"https:\/\/refletsdames.fr\/#website\",\"url\":\"https:\/\/refletsdames.fr\/\",\"name\":\"Reflets d'\u00e2mes\",\"description\":\"\",\"publisher\":{\"@id\":\"https:\/\/refletsdames.fr\/#organization\"},\"potentialAction\":[{\"@type\":\"SearchAction\",\"target\":{\"@type\":\"EntryPoint\",\"urlTemplate\":\"https:\/\/refletsdames.fr\/?s={search_term_string}\"},\"query-input\":{\"@type\":\"PropertyValueSpecification\",\"valueRequired\":true,\"valueName\":\"search_term_string\"}}],\"inLanguage\":\"fr-FR\"},{\"@type\":\"Organization\",\"@id\":\"https:\/\/refletsdames.fr\/#organization\",\"name\":\"Reflets d'\u00e2mes\",\"url\":\"https:\/\/refletsdames.fr\/\",\"logo\":{\"@type\":\"ImageObject\",\"inLanguage\":\"fr-FR\",\"@id\":\"https:\/\/refletsdames.fr\/#\/schema\/logo\/image\/\",\"url\":\"https:\/\/refletsdames.fr\/wp-content\/uploads\/2024\/07\/cropped-REFLETS-DAMES-LOGO-NOIR.jpg\",\"contentUrl\":\"https:\/\/refletsdames.fr\/wp-content\/uploads\/2024\/07\/cropped-REFLETS-DAMES-LOGO-NOIR.jpg\",\"width\":512,\"height\":512,\"caption\":\"Reflets d'\u00e2mes\"},\"image\":{\"@id\":\"https:\/\/refletsdames.fr\/#\/schema\/logo\/image\/\"},\"sameAs\":[\"https:\/\/www.facebook.com\/profile.php?id=100032786574050\",\"https:\/\/www.instagram.com\/refletsdames\/\"]}]}<\/script>\n<!-- \/ Yoast SEO plugin. -->","yoast_head_json":{"title":"Formules - Reflets d&#039;\u00e2mes","robots":{"index":"index","follow":"follow","max-snippet":"max-snippet:-1","max-image-preview":"max-image-preview:large","max-video-preview":"max-video-preview:-1"},"canonical":"https:\/\/refletsdames.fr\/?page_id=38","og_locale":"fr_FR","og_type":"article","og_title":"Formules - Reflets d&#039;\u00e2mes","og_description":"Mariages&nbsp; 4 formules \u00e0 partir de 800 \u20ac Selon votre budget il est possible d&rsquo;adapter le temps de pr\u00e9sence. C\u00e9r\u00e9monie&nbsp;Continue readingFormules","og_url":"https:\/\/refletsdames.fr\/?page_id=38","og_site_name":"Reflets d&#039;\u00e2mes","article_publisher":"https:\/\/www.facebook.com\/profile.php?id=100032786574050","article_modified_time":"2026-02-05T16:16:18+00:00","og_image":[{"width":2560,"height":1707,"url":"http:\/\/refletsdames.fr\/wp-content\/uploads\/2024\/07\/img_3679-scaled.jpg","type":"image\/jpeg"}],"twitter_card":"summary_large_image","twitter_misc":{"Dur\u00e9e de lecture estim\u00e9e":"7 minutes"},"schema":{"@context":"https:\/\/schema.org","@graph":[{"@type":"WebPage","@id":"https:\/\/refletsdames.fr\/?page_id=38","url":"https:\/\/refletsdames.fr\/?page_id=38","name":"Formules - Reflets d&#039;\u00e2mes","isPartOf":{"@id":"https:\/\/refletsdames.fr\/#website"},"primaryImageOfPage":{"@id":"https:\/\/refletsdames.fr\/?page_id=38#primaryimage"},"image":{"@id":"https:\/\/refletsdames.fr\/?page_id=38#primaryimage"},"thumbnailUrl":"https:\/\/refletsdames.fr\/wp-content\/uploads\/2024\/07\/img_3679-scaled.jpg","datePublished":"2024-07-23T14:03:18+00:00","dateModified":"2026-02-05T16:16:18+00:00","breadcrumb":{"@id":"https:\/\/refletsdames.fr\/?page_id=38#breadcrumb"},"inLanguage":"fr-FR","potentialAction":[{"@type":"ReadAction","target":["https:\/\/refletsdames.fr\/?page_id=38"]}]},{"@type":"ImageObject","inLanguage":"fr-FR","@id":"https:\/\/refletsdames.fr\/?page_id=38#primaryimage","url":"https:\/\/refletsdames.fr\/wp-content\/uploads\/2024\/07\/img_3679-scaled.jpg","contentUrl":"https:\/\/refletsdames.fr\/wp-content\/uploads\/2024\/07\/img_3679-scaled.jpg","width":2560,"height":1707},{"@type":"BreadcrumbList","@id":"https:\/\/refletsdames.fr\/?page_id=38#breadcrumb","itemListElement":[{"@type":"ListItem","position":1,"name":"Accueil","item":"https:\/\/refletsdames.fr\/"},{"@type":"ListItem","position":2,"name":"Formules"}]},{"@type":"WebSite","@id":"https:\/\/refletsdames.fr\/#website","url":"https:\/\/refletsdames.fr\/","name":"Reflets d'\u00e2mes","description":"","publisher":{"@id":"https:\/\/refletsdames.fr\/#organization"},"potentialAction":[{"@type":"SearchAction","target":{"@type":"EntryPoint","urlTemplate":"https:\/\/refletsdames.fr\/?s={search_term_string}"},"query-input":{"@type":"PropertyValueSpecification","valueRequired":true,"valueName":"search_term_string"}}],"inLanguage":"fr-FR"},{"@type":"Organization","@id":"https:\/\/refletsdames.fr\/#organization","name":"Reflets d'\u00e2mes","url":"https:\/\/refletsdames.fr\/","logo":{"@type":"ImageObject","inLanguage":"fr-FR","@id":"https:\/\/refletsdames.fr\/#\/schema\/logo\/image\/","url":"https:\/\/refletsdames.fr\/wp-content\/uploads\/2024\/07\/cropped-REFLETS-DAMES-LOGO-NOIR.jpg","contentUrl":"https:\/\/refletsdames.fr\/wp-content\/uploads\/2024\/07\/cropped-REFLETS-DAMES-LOGO-NOIR.jpg","width":512,"height":512,"caption":"Reflets d'\u00e2mes"},"image":{"@id":"https:\/\/refletsdames.fr\/#\/schema\/logo\/image\/"},"sameAs":["https:\/\/www.facebook.com\/profile.php?id=100032786574050","https:\/\/www.instagram.com\/refletsdames\/"]}]}},"_links":{"self":[{"href":"https:\/\/refletsdames.fr\/index.php?rest_route=\/wp\/v2\/pages\/38","targetHints":{"allow":["GET"]}}],"collection":[{"href":"https:\/\/refletsdames.fr\/index.php?rest_route=\/wp\/v2\/pages"}],"about":[{"href":"https:\/\/refletsdames.fr\/index.php?rest_route=\/wp\/v2\/types\/page"}],"author":[{"embeddable":true,"href":"https:\/\/refletsdames.fr\/index.php?rest_route=\/wp\/v2\/users\/1"}],"replies":[{"embeddable":true,"href":"https:\/\/refletsdames.fr\/index.php?rest_route=%2Fwp%2Fv2%2Fcomments&post=38"}],"version-history":[{"count":58,"href":"https:\/\/refletsdames.fr\/index.php?rest_route=\/wp\/v2\/pages\/38\/revisions"}],"predecessor-version":[{"id":1237,"href":"https:\/\/refletsdames.fr\/index.php?rest_route=\/wp\/v2\/pages\/38\/revisions\/1237"}],"wp:featuredmedia":[{"embeddable":true,"href":"https:\/\/refletsdames.fr\/index.php?rest_route=\/wp\/v2\/media\/190"}],"wp:attachment":[{"href":"https:\/\/refletsdames.fr\/index.php?rest_route=%2Fwp%2Fv2%2Fmedia&parent=38"}],"curies":[{"name":"wp","href":"https:\/\/api.w.org\/{rel}","templated":true}]}}