{"id":37,"date":"2024-07-23T16:03:18","date_gmt":"2024-07-23T14:03:18","guid":{"rendered":"https:\/\/refletsdames.fr\/?page_id=37"},"modified":"2026-02-05T17:11:01","modified_gmt":"2026-02-05T16:11:01","slug":"ma-vision","status":"publish","type":"page","link":"https:\/\/refletsdames.fr\/?page_id=37","title":{"rendered":"Ma vision"},"content":{"rendered":"\n<p>La Vie est \u00e0 mes yeux une exp\u00e9rience merveilleuse. Nous rythmons notre vie autour d\u2019\u00e9v\u00e9nements, de voyages, du quotidien, du travail, de moments de partages, de moments difficiles parfois\u2026&nbsp; Mais tous ces moments font la personne que nous sommes&nbsp;!<\/p>\n\n\n\n<figure class=\"wp-block-image size-large\"><img loading=\"lazy\" decoding=\"async\" width=\"1024\" height=\"381\" src=\"https:\/\/refletsdames.fr\/wp-content\/uploads\/2024\/07\/IMG_7522_Pano_DxO-1024x381.jpg\" alt=\"\" class=\"wp-image-65\" srcset=\"https:\/\/refletsdames.fr\/wp-content\/uploads\/2024\/07\/IMG_7522_Pano_DxO-1024x381.jpg 1024w, https:\/\/refletsdames.fr\/wp-content\/uploads\/2024\/07\/IMG_7522_Pano_DxO-300x112.jpg 300w, https:\/\/refletsdames.fr\/wp-content\/uploads\/2024\/07\/IMG_7522_Pano_DxO-768x286.jpg 768w, https:\/\/refletsdames.fr\/wp-content\/uploads\/2024\/07\/IMG_7522_Pano_DxO-1536x572.jpg 1536w, https:\/\/refletsdames.fr\/wp-content\/uploads\/2024\/07\/IMG_7522_Pano_DxO-2048x762.jpg 2048w\" sizes=\"auto, (max-width: 1024px) 100vw, 1024px\" \/><\/figure>\n\n\n\n<p>A mes yeux, nos valeurs font la beaut\u00e9 de notre \u00e2me. C\u2019est pour cela qu\u2019il est important que nous \u00e9changions ensemble avant de nous engager sur un projet commun. Pour que mon travail vous plaise il faut me laisser la possibilit\u00e9 de voir qui vous \u00eates, de me faire confiance.<\/p>\n\n\n\n<p>La photo est une fa\u00e7on de rencontrer des personnalit\u00e9s compl\u00e8tement diff\u00e9rentes et de partager des souvenirs ensemble. D&rsquo;offrir \u00e0 travers mes clich\u00e9s un reflet de votre personnalit\u00e9, de vos \u00e9motions, de votre \u00e2me.<\/p>\n\n\n\n<p>Je vous invite \u00e0 regarder mon style photographique afin d\u2019\u00eatre s\u00fbr que le r\u00e9sultat vous conviendra. Nous sommes nombreux dans ce domaine et vous trouverez toujours la personne avec qui le feeling passe bien et qui a un univers photographique s\u00e9duisant \u00e0 vos yeux. Prenez le temps de choisir la personne avec laquelle vous souhaitez partager ces moments de vie.<\/p>\n\n\n\n<p>En parcourant mon site vous remarquerez dans mes photos une forme de simplicit\u00e9, je n&rsquo;aime pas le \u00ab\u00a0trop\u00a0\u00bb. De mon point de vue, une photo doit repr\u00e9senter l&rsquo;instant pr\u00e9sent et envoyer un message ou une \u00e9motion. Lorsque je r\u00e9alise une s\u00e9ance, le plus gros travail se passe en rentrant \u00e0 la maison. C&rsquo;est lorsque je me retrouve seule face \u00e0 mes clich\u00e9s que la magie fini d&rsquo;op\u00e9rer en quelque sorte. Puis une fois tout ce travail de post-production termin\u00e9, il reste nos derniers \u00e9changes afin de vous d\u00e9voiler ces tant attendues photos. J&rsquo;aime beaucoup les \u00e9changes d&rsquo;apr\u00e8s s\u00e9ances car nous avons partag\u00e9s d&rsquo;agr\u00e9ables moments et nous sommes plus proches ! Nous nous connaissons un peu plus \ud83d\ude42<\/p>\n\n\n\n<div class=\"wp-block-columns is-layout-flex wp-container-core-columns-is-layout-9d6595d7 wp-block-columns-is-layout-flex\">\n<div class=\"wp-block-column is-layout-flow wp-block-column-is-layout-flow\" style=\"flex-basis:100%\">\n<div class=\"wp-block-buttons is-content-justification-center is-layout-flex wp-container-core-buttons-is-layout-16018d1d wp-block-buttons-is-layout-flex\">\n<div class=\"wp-block-button\"><a class=\"wp-block-button__link has-black-color has-text-color has-background has-link-color wp-element-button\" href=\"https:\/\/refletsdames.fr\/?page_id=106\" style=\"background-color:#ffceeb\">Galeries<\/a><\/div>\n<\/div>\n<\/div>\n<\/div>\n","protected":false},"excerpt":{"rendered":"<p>La Vie est \u00e0 mes yeux une exp\u00e9rience merveilleuse. Nous rythmons notre vie autour d\u2019\u00e9v\u00e9nements, de voyages, du quotidien, du<\/p>\n<p><a href=\"https:\/\/refletsdames.fr\/?page_id=37\" class=\"more-link\">Continue reading<span class=\"screen-reader-text\">Ma vision<\/span><\/a><\/p>\n","protected":false},"author":1,"featured_media":0,"parent":0,"menu_order":0,"comment_status":"closed","ping_status":"closed","template":"","meta":{"footnotes":""},"class_list":["post-37","page","type-page","status-publish","hentry"],"yoast_head":"<!-- This site is optimized with the Yoast SEO plugin v26.9 - https:\/\/yoast.com\/product\/yoast-seo-wordpress\/ -->\n<title>Ma vision - Reflets d&#039;\u00e2mes<\/title>\n<meta name=\"robots\" content=\"index, follow, max-snippet:-1, max-image-preview:large, max-video-preview:-1\" \/>\n<link rel=\"canonical\" href=\"https:\/\/refletsdames.fr\/?page_id=37\" \/>\n<meta property=\"og:locale\" content=\"fr_FR\" \/>\n<meta property=\"og:type\" content=\"article\" \/>\n<meta property=\"og:title\" content=\"Ma vision - Reflets d&#039;\u00e2mes\" \/>\n<meta property=\"og:description\" content=\"La Vie est \u00e0 mes yeux une exp\u00e9rience merveilleuse. Nous rythmons notre vie autour d\u2019\u00e9v\u00e9nements, de voyages, du quotidien, duContinue readingMa vision\" \/>\n<meta property=\"og:url\" content=\"https:\/\/refletsdames.fr\/?page_id=37\" \/>\n<meta property=\"og:site_name\" content=\"Reflets d&#039;\u00e2mes\" \/>\n<meta property=\"article:publisher\" content=\"https:\/\/www.facebook.com\/profile.php?id=100032786574050\" \/>\n<meta property=\"article:modified_time\" content=\"2026-02-05T16:11:01+00:00\" \/>\n<meta property=\"og:image\" content=\"https:\/\/refletsdames.fr\/wp-content\/uploads\/2024\/07\/IMG_7522_Pano_DxO-scaled.jpg\" \/>\n\t<meta property=\"og:image:width\" content=\"2560\" \/>\n\t<meta property=\"og:image:height\" content=\"953\" \/>\n\t<meta property=\"og:image:type\" content=\"image\/jpeg\" \/>\n<meta name=\"twitter:card\" content=\"summary_large_image\" \/>\n<meta name=\"twitter:label1\" content=\"Dur\u00e9e de lecture estim\u00e9e\" \/>\n\t<meta name=\"twitter:data1\" content=\"2 minutes\" \/>\n<script type=\"application\/ld+json\" class=\"yoast-schema-graph\">{\"@context\":\"https:\/\/schema.org\",\"@graph\":[{\"@type\":\"WebPage\",\"@id\":\"https:\/\/refletsdames.fr\/?page_id=37\",\"url\":\"https:\/\/refletsdames.fr\/?page_id=37\",\"name\":\"Ma vision - Reflets d&#039;\u00e2mes\",\"isPartOf\":{\"@id\":\"https:\/\/refletsdames.fr\/#website\"},\"primaryImageOfPage\":{\"@id\":\"https:\/\/refletsdames.fr\/?page_id=37#primaryimage\"},\"image\":{\"@id\":\"https:\/\/refletsdames.fr\/?page_id=37#primaryimage\"},\"thumbnailUrl\":\"https:\/\/refletsdames.fr\/wp-content\/uploads\/2024\/07\/IMG_7522_Pano_DxO-1024x381.jpg\",\"datePublished\":\"2024-07-23T14:03:18+00:00\",\"dateModified\":\"2026-02-05T16:11:01+00:00\",\"breadcrumb\":{\"@id\":\"https:\/\/refletsdames.fr\/?page_id=37#breadcrumb\"},\"inLanguage\":\"fr-FR\",\"potentialAction\":[{\"@type\":\"ReadAction\",\"target\":[\"https:\/\/refletsdames.fr\/?page_id=37\"]}]},{\"@type\":\"ImageObject\",\"inLanguage\":\"fr-FR\",\"@id\":\"https:\/\/refletsdames.fr\/?page_id=37#primaryimage\",\"url\":\"https:\/\/refletsdames.fr\/wp-content\/uploads\/2024\/07\/IMG_7522_Pano_DxO-scaled.jpg\",\"contentUrl\":\"https:\/\/refletsdames.fr\/wp-content\/uploads\/2024\/07\/IMG_7522_Pano_DxO-scaled.jpg\",\"width\":2560,\"height\":953},{\"@type\":\"BreadcrumbList\",\"@id\":\"https:\/\/refletsdames.fr\/?page_id=37#breadcrumb\",\"itemListElement\":[{\"@type\":\"ListItem\",\"position\":1,\"name\":\"Accueil\",\"item\":\"https:\/\/refletsdames.fr\/\"},{\"@type\":\"ListItem\",\"position\":2,\"name\":\"Ma vision\"}]},{\"@type\":\"WebSite\",\"@id\":\"https:\/\/refletsdames.fr\/#website\",\"url\":\"https:\/\/refletsdames.fr\/\",\"name\":\"Reflets d'\u00e2mes\",\"description\":\"\",\"publisher\":{\"@id\":\"https:\/\/refletsdames.fr\/#organization\"},\"potentialAction\":[{\"@type\":\"SearchAction\",\"target\":{\"@type\":\"EntryPoint\",\"urlTemplate\":\"https:\/\/refletsdames.fr\/?s={search_term_string}\"},\"query-input\":{\"@type\":\"PropertyValueSpecification\",\"valueRequired\":true,\"valueName\":\"search_term_string\"}}],\"inLanguage\":\"fr-FR\"},{\"@type\":\"Organization\",\"@id\":\"https:\/\/refletsdames.fr\/#organization\",\"name\":\"Reflets d'\u00e2mes\",\"url\":\"https:\/\/refletsdames.fr\/\",\"logo\":{\"@type\":\"ImageObject\",\"inLanguage\":\"fr-FR\",\"@id\":\"https:\/\/refletsdames.fr\/#\/schema\/logo\/image\/\",\"url\":\"https:\/\/refletsdames.fr\/wp-content\/uploads\/2024\/07\/cropped-REFLETS-DAMES-LOGO-NOIR.jpg\",\"contentUrl\":\"https:\/\/refletsdames.fr\/wp-content\/uploads\/2024\/07\/cropped-REFLETS-DAMES-LOGO-NOIR.jpg\",\"width\":512,\"height\":512,\"caption\":\"Reflets d'\u00e2mes\"},\"image\":{\"@id\":\"https:\/\/refletsdames.fr\/#\/schema\/logo\/image\/\"},\"sameAs\":[\"https:\/\/www.facebook.com\/profile.php?id=100032786574050\",\"https:\/\/www.instagram.com\/refletsdames\/\"]}]}<\/script>\n<!-- \/ Yoast SEO plugin. -->","yoast_head_json":{"title":"Ma vision - Reflets d&#039;\u00e2mes","robots":{"index":"index","follow":"follow","max-snippet":"max-snippet:-1","max-image-preview":"max-image-preview:large","max-video-preview":"max-video-preview:-1"},"canonical":"https:\/\/refletsdames.fr\/?page_id=37","og_locale":"fr_FR","og_type":"article","og_title":"Ma vision - Reflets d&#039;\u00e2mes","og_description":"La Vie est \u00e0 mes yeux une exp\u00e9rience merveilleuse. Nous rythmons notre vie autour d\u2019\u00e9v\u00e9nements, de voyages, du quotidien, duContinue readingMa vision","og_url":"https:\/\/refletsdames.fr\/?page_id=37","og_site_name":"Reflets d&#039;\u00e2mes","article_publisher":"https:\/\/www.facebook.com\/profile.php?id=100032786574050","article_modified_time":"2026-02-05T16:11:01+00:00","og_image":[{"width":2560,"height":953,"url":"https:\/\/refletsdames.fr\/wp-content\/uploads\/2024\/07\/IMG_7522_Pano_DxO-scaled.jpg","type":"image\/jpeg"}],"twitter_card":"summary_large_image","twitter_misc":{"Dur\u00e9e de lecture estim\u00e9e":"2 minutes"},"schema":{"@context":"https:\/\/schema.org","@graph":[{"@type":"WebPage","@id":"https:\/\/refletsdames.fr\/?page_id=37","url":"https:\/\/refletsdames.fr\/?page_id=37","name":"Ma vision - Reflets d&#039;\u00e2mes","isPartOf":{"@id":"https:\/\/refletsdames.fr\/#website"},"primaryImageOfPage":{"@id":"https:\/\/refletsdames.fr\/?page_id=37#primaryimage"},"image":{"@id":"https:\/\/refletsdames.fr\/?page_id=37#primaryimage"},"thumbnailUrl":"https:\/\/refletsdames.fr\/wp-content\/uploads\/2024\/07\/IMG_7522_Pano_DxO-1024x381.jpg","datePublished":"2024-07-23T14:03:18+00:00","dateModified":"2026-02-05T16:11:01+00:00","breadcrumb":{"@id":"https:\/\/refletsdames.fr\/?page_id=37#breadcrumb"},"inLanguage":"fr-FR","potentialAction":[{"@type":"ReadAction","target":["https:\/\/refletsdames.fr\/?page_id=37"]}]},{"@type":"ImageObject","inLanguage":"fr-FR","@id":"https:\/\/refletsdames.fr\/?page_id=37#primaryimage","url":"https:\/\/refletsdames.fr\/wp-content\/uploads\/2024\/07\/IMG_7522_Pano_DxO-scaled.jpg","contentUrl":"https:\/\/refletsdames.fr\/wp-content\/uploads\/2024\/07\/IMG_7522_Pano_DxO-scaled.jpg","width":2560,"height":953},{"@type":"BreadcrumbList","@id":"https:\/\/refletsdames.fr\/?page_id=37#breadcrumb","itemListElement":[{"@type":"ListItem","position":1,"name":"Accueil","item":"https:\/\/refletsdames.fr\/"},{"@type":"ListItem","position":2,"name":"Ma vision"}]},{"@type":"WebSite","@id":"https:\/\/refletsdames.fr\/#website","url":"https:\/\/refletsdames.fr\/","name":"Reflets d'\u00e2mes","description":"","publisher":{"@id":"https:\/\/refletsdames.fr\/#organization"},"potentialAction":[{"@type":"SearchAction","target":{"@type":"EntryPoint","urlTemplate":"https:\/\/refletsdames.fr\/?s={search_term_string}"},"query-input":{"@type":"PropertyValueSpecification","valueRequired":true,"valueName":"search_term_string"}}],"inLanguage":"fr-FR"},{"@type":"Organization","@id":"https:\/\/refletsdames.fr\/#organization","name":"Reflets d'\u00e2mes","url":"https:\/\/refletsdames.fr\/","logo":{"@type":"ImageObject","inLanguage":"fr-FR","@id":"https:\/\/refletsdames.fr\/#\/schema\/logo\/image\/","url":"https:\/\/refletsdames.fr\/wp-content\/uploads\/2024\/07\/cropped-REFLETS-DAMES-LOGO-NOIR.jpg","contentUrl":"https:\/\/refletsdames.fr\/wp-content\/uploads\/2024\/07\/cropped-REFLETS-DAMES-LOGO-NOIR.jpg","width":512,"height":512,"caption":"Reflets d'\u00e2mes"},"image":{"@id":"https:\/\/refletsdames.fr\/#\/schema\/logo\/image\/"},"sameAs":["https:\/\/www.facebook.com\/profile.php?id=100032786574050","https:\/\/www.instagram.com\/refletsdames\/"]}]}},"_links":{"self":[{"href":"https:\/\/refletsdames.fr\/index.php?rest_route=\/wp\/v2\/pages\/37","targetHints":{"allow":["GET"]}}],"collection":[{"href":"https:\/\/refletsdames.fr\/index.php?rest_route=\/wp\/v2\/pages"}],"about":[{"href":"https:\/\/refletsdames.fr\/index.php?rest_route=\/wp\/v2\/types\/page"}],"author":[{"embeddable":true,"href":"https:\/\/refletsdames.fr\/index.php?rest_route=\/wp\/v2\/users\/1"}],"replies":[{"embeddable":true,"href":"https:\/\/refletsdames.fr\/index.php?rest_route=%2Fwp%2Fv2%2Fcomments&post=37"}],"version-history":[{"count":14,"href":"https:\/\/refletsdames.fr\/index.php?rest_route=\/wp\/v2\/pages\/37\/revisions"}],"predecessor-version":[{"id":1232,"href":"https:\/\/refletsdames.fr\/index.php?rest_route=\/wp\/v2\/pages\/37\/revisions\/1232"}],"wp:attachment":[{"href":"https:\/\/refletsdames.fr\/index.php?rest_route=%2Fwp%2Fv2%2Fmedia&parent=37"}],"curies":[{"name":"wp","href":"https:\/\/api.w.org\/{rel}","templated":true}]}}