{"id":36,"date":"2024-07-23T16:03:18","date_gmt":"2024-07-23T14:03:18","guid":{"rendered":"https:\/\/refletsdames.fr\/?page_id=36"},"modified":"2026-02-05T17:03:39","modified_gmt":"2026-02-05T16:03:39","slug":"presentation","status":"publish","type":"page","link":"https:\/\/refletsdames.fr\/?page_id=36","title":{"rendered":"Pr\u00e9sentation"},"content":{"rendered":"\n<div class=\"wp-block-media-text is-stacked-on-mobile\"><figure class=\"wp-block-media-text__media\"><img loading=\"lazy\" decoding=\"async\" width=\"1024\" height=\"683\" src=\"https:\/\/refletsdames.fr\/wp-content\/uploads\/2024\/08\/IMG_2422-1024x683.jpg\" alt=\"\" class=\"wp-image-278 size-full\" srcset=\"https:\/\/refletsdames.fr\/wp-content\/uploads\/2024\/08\/IMG_2422-1024x683.jpg 1024w, https:\/\/refletsdames.fr\/wp-content\/uploads\/2024\/08\/IMG_2422-300x200.jpg 300w, https:\/\/refletsdames.fr\/wp-content\/uploads\/2024\/08\/IMG_2422-768x512.jpg 768w, https:\/\/refletsdames.fr\/wp-content\/uploads\/2024\/08\/IMG_2422-1536x1024.jpg 1536w, https:\/\/refletsdames.fr\/wp-content\/uploads\/2024\/08\/IMG_2422-2048x1365.jpg 2048w\" sizes=\"auto, (max-width: 1024px) 100vw, 1024px\" \/><\/figure><div class=\"wp-block-media-text__content\">\n<p class=\"has-text-color has-link-color wp-elements-1aaafd93317f8f8ff456fd9d82b02bd2\" style=\"color:#000000\">Photographe Lot<\/p>\n\n\n\n<p>Je suis ravie de te voir sur mon site&nbsp;!<\/p>\n\n\n\n<p>Si tu veux savoir un peu qui je suis, je te laisse lire ces quelques lignes.<\/p>\n<\/div><\/div>\n\n\n\n<h5 class=\"wp-block-heading has-text-color has-link-color wp-elements-a9125672fc1a343d7f6d1e87b9f0d95c\" style=\"color:#ffceeb\">En tant que photographe<\/h5>\n\n\n\n<p>Je m&rsquo;appelle Emeline Magot et j&rsquo;ai d\u00e9cid\u00e9 de me lancer dans l&rsquo;aventure de l&rsquo;auto entreprenariat en tant que photographe. Je suis bas\u00e9e dans le Lot et me d\u00e9place \u00e9galement en Dordogne et en Corr\u00e8ze. Mon studio se trouve \u00e0 Peyrilles, un petit village situ\u00e9 entre Cahors et Gourdon. Je navigue r\u00e9guli\u00e8rement dans les 30 kilom\u00e8tres \u00e0 la ronde et adore sillonner les routes du Lot.<\/p>\n\n\n\n<p>Si je devais me d\u00e9crire en une phrase, je me r\u00e9sumerais \u00e0 \u00eatre une grande curieuse de ce que la Vie nous r\u00e9serve.<\/p>\n\n\n\n<p>J\u2019aime prendre le temps de bien faire les choses et de suivre mes objectifs. C\u2019est pour cela que j\u2019ai cr\u00e9\u00e9 mon entreprise <em>Reflets d\u2019\u00e2mes.<\/em> Aujourd&rsquo;hui mon regard et mes capacit\u00e9s servent \u00e0 immortaliser des moments de vie importants pour vous.<\/p>\n\n\n\n<h5 class=\"wp-block-heading has-text-color has-link-color wp-elements-f7100be6c631277c0e17f00aa9d3f8af\" style=\"color:#ffceeb\">Services propos\u00e9s :<\/h5>\n\n\n\n<details class=\"wp-block-details has-medium-gray-color has-text-color has-link-color wp-elements-0dfe96184e2d61f9a93422ba92596a0e is-layout-flow wp-block-details-is-layout-flow\"><summary>Photos d&rsquo;entreprises<\/summary>\n<p class=\"has-light-gray-color has-text-color has-link-color wp-elements-8fcb7a55128d12196672fa40ecfdb695\">Que vous soyez artisan, auto-entrepreneur, g\u00e9rant d&rsquo;une boutique, community manager ou simplement sp\u00e9cialiste dans votre domaine, je suis l\u00e0 pour cr\u00e9er du contenu digital indispensable \u00e0 votre communication. Avec les technologies qui existent aujourd&rsquo;hui vous devez avoir des supports et des images de qualit\u00e9 afin de vous d\u00e9marquer. Il est d&rsquo;autant plus important d&rsquo;avoir du contenu qui vous ressemble, un contenu personnalis\u00e9 afin de fid\u00e9liser votre client\u00e8le.<\/p>\n<\/details>\n\n\n\n<details class=\"wp-block-details has-medium-gray-color has-text-color has-link-color wp-elements-5e24b7fbf41e43bb6ed9d8f704396c82 is-layout-flow wp-block-details-is-layout-flow\"><summary>Photos de mariage<\/summary>\n<p class=\"has-light-gray-color has-text-color has-link-color wp-elements-e7b5b4203d7bcc86b37e2dabd17e39b8\">Quoi de plus agr\u00e9able qu&rsquo;une journ\u00e9e entour\u00e9s de gens heureux ? Vos journ\u00e9es de mariage sont toujours d&rsquo;agr\u00e9ables moments. C&rsquo;est l&rsquo;occasion pour nous de r\u00e9v\u00e9ler notre \u00e2me d&rsquo;enfant, de lire vos \u00e9motions et de les capturer. Je propose 4 formules concernant les mariages, avec des tarifs situ\u00e9s entre 800 et 1200 \u20ac. Je vous invite \u00e0 consulter ma page \u00ab\u00a0Formules\u00a0\u00bb pour en savoir plus&#8230;<\/p>\n<\/details>\n\n\n\n<details class=\"wp-block-details has-medium-gray-color has-text-color has-link-color wp-elements-a8fe9317e5e6851d5ffff764b6e2e4ab is-layout-flow wp-block-details-is-layout-flow\"><summary>Souvenirs et \u00e9v\u00e8nements<\/summary>\n<p class=\"has-light-gray-color has-text-color has-link-color wp-elements-59811f93a5a08edb7bade06f95392c3c\">Vous pouvez faire appel \u00e0 moi pour des anniversaires, des souvenirs de grossesse, des bapt\u00eames ou des f\u00eates de famille&#8230; En bref pour n&rsquo;importe quelle occasion de rire et d&rsquo;immortaliser ces moments de vie !<\/p>\n<\/details>\n\n\n\n<h5 class=\"wp-block-heading has-text-color has-link-color wp-elements-98f15f426c84057f2a3fe561409e9f5f\" style=\"color:#ffceeb\">En tant qu&rsquo;Emeline dans la vie quotidienne<\/h5>\n\n\n\n<p>Mon cursus post-bac \u00e9tait orient\u00e9 dans le paysage, c\u2019\u00e9tait un bon moyen pour moi d\u2019\u00eatre proche de la Nature. Ma curiosit\u00e9 et mon besoin d&rsquo;apprendre m&rsquo;ont ensuite dirig\u00e9 vers l\u2019animation enfance et jeunesse. En revanche, s\u2019il y a bien une chose qui ne me quitte pas depuis l\u2019enfance c\u2019est ma passion pour la photographie&nbsp;!<\/p>\n\n\n\n<p>Si je devais citer 3 choses qui m&rsquo;animent profond\u00e9ment je dirais : la Nature que j&rsquo;adore tant, la soif de d\u00e9couvrir et d&rsquo;apprendre puis par dessus tout l&rsquo;\u00e9change. Qu&rsquo;il soit entre personnes ou avec nos amis les animaux, l&rsquo;\u00e9change et les \u00e9nergies qui s&rsquo;en d\u00e9gagent me passionnent. Lorsque vous m&rsquo;accordez votre confiance et que nous partageons des moments ensemble, je suis profond\u00e9ment \u00e0 votre \u00e9coute. <\/p>\n\n\n\n<p class=\"has-text-color has-link-color wp-elements-8b40f4eb8278d34111fd548e210d8876\" style=\"color:#000000\">Photographe mariage gourdon<\/p>\n\n\n\n<div class=\"wp-block-buttons is-content-justification-center is-layout-flex wp-container-core-buttons-is-layout-16018d1d wp-block-buttons-is-layout-flex\">\n<div class=\"wp-block-button\"><a class=\"wp-block-button__link has-black-color has-text-color has-background has-link-color wp-element-button\" href=\"https:\/\/refletsdames.fr\/?page_id=38\" style=\"background-color:#ffceeb\">les formules<\/a><\/div>\n\n\n\n<div class=\"wp-block-button\"><a class=\"wp-block-button__link has-black-color has-text-color has-background has-link-color wp-element-button\" href=\"https:\/\/refletsdames.fr\/?page_id=37\" style=\"background-color:#ffcfec\">En savoir plus sur ma vision<\/a><\/div>\n<\/div>\n\n\n\n<p><\/p>\n","protected":false},"excerpt":{"rendered":"<p>Photographe Lot Je suis ravie de te voir sur mon site&nbsp;! Si tu veux savoir un peu qui je suis,<\/p>\n<p><a href=\"https:\/\/refletsdames.fr\/?page_id=36\" class=\"more-link\">Continue reading<span class=\"screen-reader-text\">Pr\u00e9sentation<\/span><\/a><\/p>\n","protected":false},"author":1,"featured_media":278,"parent":0,"menu_order":0,"comment_status":"closed","ping_status":"closed","template":"","meta":{"footnotes":""},"class_list":["post-36","page","type-page","status-publish","has-post-thumbnail","hentry"],"yoast_head":"<!-- This site is optimized with the Yoast SEO plugin v26.9 - https:\/\/yoast.com\/product\/yoast-seo-wordpress\/ -->\n<title>Pr\u00e9sentation - Reflets d&#039;\u00e2mes<\/title>\n<meta name=\"robots\" content=\"index, follow, max-snippet:-1, max-image-preview:large, max-video-preview:-1\" \/>\n<link rel=\"canonical\" href=\"https:\/\/refletsdames.fr\/?page_id=36\" \/>\n<meta property=\"og:locale\" content=\"fr_FR\" \/>\n<meta property=\"og:type\" content=\"article\" \/>\n<meta property=\"og:title\" content=\"Pr\u00e9sentation - Reflets d&#039;\u00e2mes\" \/>\n<meta property=\"og:description\" content=\"Photographe Lot Je suis ravie de te voir sur mon site&nbsp;! Si tu veux savoir un peu qui je suis,Continue readingPr\u00e9sentation\" \/>\n<meta property=\"og:url\" content=\"https:\/\/refletsdames.fr\/?page_id=36\" \/>\n<meta property=\"og:site_name\" content=\"Reflets d&#039;\u00e2mes\" \/>\n<meta property=\"article:publisher\" content=\"https:\/\/www.facebook.com\/profile.php?id=100032786574050\" \/>\n<meta property=\"article:modified_time\" content=\"2026-02-05T16:03:39+00:00\" \/>\n<meta property=\"og:image\" content=\"http:\/\/refletsdames.fr\/wp-content\/uploads\/2024\/08\/IMG_2422-scaled.jpg\" \/>\n\t<meta property=\"og:image:width\" content=\"2560\" \/>\n\t<meta property=\"og:image:height\" content=\"1707\" \/>\n\t<meta property=\"og:image:type\" content=\"image\/jpeg\" \/>\n<meta name=\"twitter:card\" content=\"summary_large_image\" \/>\n<meta name=\"twitter:label1\" content=\"Dur\u00e9e de lecture estim\u00e9e\" \/>\n\t<meta name=\"twitter:data1\" content=\"3 minutes\" \/>\n<script type=\"application\/ld+json\" class=\"yoast-schema-graph\">{\"@context\":\"https:\/\/schema.org\",\"@graph\":[{\"@type\":\"WebPage\",\"@id\":\"https:\/\/refletsdames.fr\/?page_id=36\",\"url\":\"https:\/\/refletsdames.fr\/?page_id=36\",\"name\":\"Pr\u00e9sentation - Reflets d&#039;\u00e2mes\",\"isPartOf\":{\"@id\":\"https:\/\/refletsdames.fr\/#website\"},\"primaryImageOfPage\":{\"@id\":\"https:\/\/refletsdames.fr\/?page_id=36#primaryimage\"},\"image\":{\"@id\":\"https:\/\/refletsdames.fr\/?page_id=36#primaryimage\"},\"thumbnailUrl\":\"https:\/\/refletsdames.fr\/wp-content\/uploads\/2024\/08\/IMG_2422-scaled.jpg\",\"datePublished\":\"2024-07-23T14:03:18+00:00\",\"dateModified\":\"2026-02-05T16:03:39+00:00\",\"breadcrumb\":{\"@id\":\"https:\/\/refletsdames.fr\/?page_id=36#breadcrumb\"},\"inLanguage\":\"fr-FR\",\"potentialAction\":[{\"@type\":\"ReadAction\",\"target\":[\"https:\/\/refletsdames.fr\/?page_id=36\"]}]},{\"@type\":\"ImageObject\",\"inLanguage\":\"fr-FR\",\"@id\":\"https:\/\/refletsdames.fr\/?page_id=36#primaryimage\",\"url\":\"https:\/\/refletsdames.fr\/wp-content\/uploads\/2024\/08\/IMG_2422-scaled.jpg\",\"contentUrl\":\"https:\/\/refletsdames.fr\/wp-content\/uploads\/2024\/08\/IMG_2422-scaled.jpg\",\"width\":2560,\"height\":1707},{\"@type\":\"BreadcrumbList\",\"@id\":\"https:\/\/refletsdames.fr\/?page_id=36#breadcrumb\",\"itemListElement\":[{\"@type\":\"ListItem\",\"position\":1,\"name\":\"Accueil\",\"item\":\"https:\/\/refletsdames.fr\/\"},{\"@type\":\"ListItem\",\"position\":2,\"name\":\"Pr\u00e9sentation\"}]},{\"@type\":\"WebSite\",\"@id\":\"https:\/\/refletsdames.fr\/#website\",\"url\":\"https:\/\/refletsdames.fr\/\",\"name\":\"Reflets d'\u00e2mes\",\"description\":\"\",\"publisher\":{\"@id\":\"https:\/\/refletsdames.fr\/#organization\"},\"potentialAction\":[{\"@type\":\"SearchAction\",\"target\":{\"@type\":\"EntryPoint\",\"urlTemplate\":\"https:\/\/refletsdames.fr\/?s={search_term_string}\"},\"query-input\":{\"@type\":\"PropertyValueSpecification\",\"valueRequired\":true,\"valueName\":\"search_term_string\"}}],\"inLanguage\":\"fr-FR\"},{\"@type\":\"Organization\",\"@id\":\"https:\/\/refletsdames.fr\/#organization\",\"name\":\"Reflets d'\u00e2mes\",\"url\":\"https:\/\/refletsdames.fr\/\",\"logo\":{\"@type\":\"ImageObject\",\"inLanguage\":\"fr-FR\",\"@id\":\"https:\/\/refletsdames.fr\/#\/schema\/logo\/image\/\",\"url\":\"https:\/\/refletsdames.fr\/wp-content\/uploads\/2024\/07\/cropped-REFLETS-DAMES-LOGO-NOIR.jpg\",\"contentUrl\":\"https:\/\/refletsdames.fr\/wp-content\/uploads\/2024\/07\/cropped-REFLETS-DAMES-LOGO-NOIR.jpg\",\"width\":512,\"height\":512,\"caption\":\"Reflets d'\u00e2mes\"},\"image\":{\"@id\":\"https:\/\/refletsdames.fr\/#\/schema\/logo\/image\/\"},\"sameAs\":[\"https:\/\/www.facebook.com\/profile.php?id=100032786574050\",\"https:\/\/www.instagram.com\/refletsdames\/\"]}]}<\/script>\n<!-- \/ Yoast SEO plugin. -->","yoast_head_json":{"title":"Pr\u00e9sentation - Reflets d&#039;\u00e2mes","robots":{"index":"index","follow":"follow","max-snippet":"max-snippet:-1","max-image-preview":"max-image-preview:large","max-video-preview":"max-video-preview:-1"},"canonical":"https:\/\/refletsdames.fr\/?page_id=36","og_locale":"fr_FR","og_type":"article","og_title":"Pr\u00e9sentation - Reflets d&#039;\u00e2mes","og_description":"Photographe Lot Je suis ravie de te voir sur mon site&nbsp;! Si tu veux savoir un peu qui je suis,Continue readingPr\u00e9sentation","og_url":"https:\/\/refletsdames.fr\/?page_id=36","og_site_name":"Reflets d&#039;\u00e2mes","article_publisher":"https:\/\/www.facebook.com\/profile.php?id=100032786574050","article_modified_time":"2026-02-05T16:03:39+00:00","og_image":[{"width":2560,"height":1707,"url":"http:\/\/refletsdames.fr\/wp-content\/uploads\/2024\/08\/IMG_2422-scaled.jpg","type":"image\/jpeg"}],"twitter_card":"summary_large_image","twitter_misc":{"Dur\u00e9e de lecture estim\u00e9e":"3 minutes"},"schema":{"@context":"https:\/\/schema.org","@graph":[{"@type":"WebPage","@id":"https:\/\/refletsdames.fr\/?page_id=36","url":"https:\/\/refletsdames.fr\/?page_id=36","name":"Pr\u00e9sentation - Reflets d&#039;\u00e2mes","isPartOf":{"@id":"https:\/\/refletsdames.fr\/#website"},"primaryImageOfPage":{"@id":"https:\/\/refletsdames.fr\/?page_id=36#primaryimage"},"image":{"@id":"https:\/\/refletsdames.fr\/?page_id=36#primaryimage"},"thumbnailUrl":"https:\/\/refletsdames.fr\/wp-content\/uploads\/2024\/08\/IMG_2422-scaled.jpg","datePublished":"2024-07-23T14:03:18+00:00","dateModified":"2026-02-05T16:03:39+00:00","breadcrumb":{"@id":"https:\/\/refletsdames.fr\/?page_id=36#breadcrumb"},"inLanguage":"fr-FR","potentialAction":[{"@type":"ReadAction","target":["https:\/\/refletsdames.fr\/?page_id=36"]}]},{"@type":"ImageObject","inLanguage":"fr-FR","@id":"https:\/\/refletsdames.fr\/?page_id=36#primaryimage","url":"https:\/\/refletsdames.fr\/wp-content\/uploads\/2024\/08\/IMG_2422-scaled.jpg","contentUrl":"https:\/\/refletsdames.fr\/wp-content\/uploads\/2024\/08\/IMG_2422-scaled.jpg","width":2560,"height":1707},{"@type":"BreadcrumbList","@id":"https:\/\/refletsdames.fr\/?page_id=36#breadcrumb","itemListElement":[{"@type":"ListItem","position":1,"name":"Accueil","item":"https:\/\/refletsdames.fr\/"},{"@type":"ListItem","position":2,"name":"Pr\u00e9sentation"}]},{"@type":"WebSite","@id":"https:\/\/refletsdames.fr\/#website","url":"https:\/\/refletsdames.fr\/","name":"Reflets d'\u00e2mes","description":"","publisher":{"@id":"https:\/\/refletsdames.fr\/#organization"},"potentialAction":[{"@type":"SearchAction","target":{"@type":"EntryPoint","urlTemplate":"https:\/\/refletsdames.fr\/?s={search_term_string}"},"query-input":{"@type":"PropertyValueSpecification","valueRequired":true,"valueName":"search_term_string"}}],"inLanguage":"fr-FR"},{"@type":"Organization","@id":"https:\/\/refletsdames.fr\/#organization","name":"Reflets d'\u00e2mes","url":"https:\/\/refletsdames.fr\/","logo":{"@type":"ImageObject","inLanguage":"fr-FR","@id":"https:\/\/refletsdames.fr\/#\/schema\/logo\/image\/","url":"https:\/\/refletsdames.fr\/wp-content\/uploads\/2024\/07\/cropped-REFLETS-DAMES-LOGO-NOIR.jpg","contentUrl":"https:\/\/refletsdames.fr\/wp-content\/uploads\/2024\/07\/cropped-REFLETS-DAMES-LOGO-NOIR.jpg","width":512,"height":512,"caption":"Reflets d'\u00e2mes"},"image":{"@id":"https:\/\/refletsdames.fr\/#\/schema\/logo\/image\/"},"sameAs":["https:\/\/www.facebook.com\/profile.php?id=100032786574050","https:\/\/www.instagram.com\/refletsdames\/"]}]}},"_links":{"self":[{"href":"https:\/\/refletsdames.fr\/index.php?rest_route=\/wp\/v2\/pages\/36","targetHints":{"allow":["GET"]}}],"collection":[{"href":"https:\/\/refletsdames.fr\/index.php?rest_route=\/wp\/v2\/pages"}],"about":[{"href":"https:\/\/refletsdames.fr\/index.php?rest_route=\/wp\/v2\/types\/page"}],"author":[{"embeddable":true,"href":"https:\/\/refletsdames.fr\/index.php?rest_route=\/wp\/v2\/users\/1"}],"replies":[{"embeddable":true,"href":"https:\/\/refletsdames.fr\/index.php?rest_route=%2Fwp%2Fv2%2Fcomments&post=36"}],"version-history":[{"count":25,"href":"https:\/\/refletsdames.fr\/index.php?rest_route=\/wp\/v2\/pages\/36\/revisions"}],"predecessor-version":[{"id":1224,"href":"https:\/\/refletsdames.fr\/index.php?rest_route=\/wp\/v2\/pages\/36\/revisions\/1224"}],"wp:featuredmedia":[{"embeddable":true,"href":"https:\/\/refletsdames.fr\/index.php?rest_route=\/wp\/v2\/media\/278"}],"wp:attachment":[{"href":"https:\/\/refletsdames.fr\/index.php?rest_route=%2Fwp%2Fv2%2Fmedia&parent=36"}],"curies":[{"name":"wp","href":"https:\/\/api.w.org\/{rel}","templated":true}]}}