{"id":1144,"date":"2026-02-05T15:52:04","date_gmt":"2026-02-05T14:52:04","guid":{"rendered":"https:\/\/refletsdames.fr\/?page_id=1144"},"modified":"2026-05-04T11:31:22","modified_gmt":"2026-05-04T09:31:22","slug":"avis-reflets-dames","status":"publish","type":"page","link":"https:\/\/refletsdames.fr\/?page_id=1144","title":{"rendered":"Avis"},"content":{"rendered":"\n<h1 class=\"wp-block-heading has-text-align-center has-medium-gray-color has-text-color has-link-color has-huge-font-size wp-elements-f81a7758b842334e78acf23aee6167ae\"><strong><mark style=\"background-color:rgba(0, 0, 0, 0)\" class=\"has-inline-color has-light-gray-color\">Vos avis<\/mark><\/strong><\/h1>\n\n\n\n<figure class=\"wp-block-pullquote has-text-align-center is-style-plain has-text-color has-link-color has-small-font-size wp-elements-a953a448a7ad688ae9aef5621e9aafb6\" style=\"border-style:none;border-width:0px;border-top-left-radius:20px;border-top-right-radius:20px;border-bottom-left-radius:20px;border-bottom-right-radius:20px;color:#ffceeb\"><blockquote><p>Merci pour ce superbe shooting grossesse \ud83e\udd30<br>Le r\u00e9sultat des photos est exactement comme je le souhaitais \ud83e\udd79<br>Emeline a r\u00e9ussi \u00e0 pimenter le shooting avec son humour, ce n\u2019\u00e9tait pas gagn\u00e9 avec mon conjoint qui est super \u00e0 l\u2019aise devant l\u2019objectif \ud83d\ude02<br>Je recommande +++<\/p><cite>L\u00e9a<\/cite><\/blockquote><\/figure>\n\n\n\n<figure class=\"wp-block-pullquote has-text-align-center is-style-plain has-small-font-size\" style=\"border-style:none;border-width:0px;border-top-left-radius:20px;border-top-right-radius:20px;border-bottom-left-radius:20px;border-bottom-right-radius:20px\"><blockquote><p>Emeline est adorable et tr\u00e8s professionnelle.. Le shooting restera grav\u00e9 dans ma m\u00e9moire et le r\u00e9sultat est juste magnifique !!<br>Merci<\/p><cite>Marie<\/cite><\/blockquote><\/figure>\n\n\n\n<figure class=\"wp-block-pullquote has-text-align-center is-style-plain has-text-color has-link-color has-small-font-size wp-elements-f2ee35d625f32720d3a1d60f22c23936\" style=\"border-style:none;border-width:0px;border-top-left-radius:20px;border-top-right-radius:20px;border-bottom-left-radius:20px;border-bottom-right-radius:20px;color:#ffceeb\"><blockquote><p>\u00c9meline a \u00e9t\u00e9 professionnelle et de bons conseils, j\u2019ai pu avoir de belles photos de ma chienne et moi.<br>Je recommande bien \u00e9videmment \ud83d\ude0c<\/p><cite>Titouan<\/cite><\/blockquote><\/figure>\n\n\n\n<figure class=\"wp-block-pullquote has-text-align-center is-style-plain has-small-font-size\" style=\"border-style:none;border-width:0px;border-top-left-radius:20px;border-top-right-radius:20px;border-bottom-left-radius:20px;border-bottom-right-radius:20px\"><blockquote><p>Super exp\u00e9rience pour notre shooting d&rsquo;entreprise. Emeline est tr\u00e8s professionnelle, disponible et \u00e0 l&rsquo;\u00e9coute, elle a parfaitement compris nos attentes et l&rsquo;univers de nos produits. <br>Le r\u00e9sultat est qualitatif, propre et fid\u00e8le au produit. Je recommande sans h\u00e9siter.<\/p><cite>Maxime &#8211; Entreprise Wallaby Store<\/cite><\/blockquote><\/figure>\n\n\n\n<figure class=\"wp-block-pullquote has-text-align-center is-style-plain has-text-color has-link-color has-small-font-size wp-elements-59674f9a8385e88180477a008a1421b6\" style=\"border-style:none;border-width:0px;border-top-left-radius:20px;border-top-right-radius:20px;border-bottom-left-radius:20px;border-bottom-right-radius:20px;color:#ffceeb\"><blockquote><p>Emeline a fait un super shooting photo de mes 3 enfants et moi, des beaux souvenirs pour notre famille ! Tr\u00e8s gentille et pro, vraiment au top, on refera appel \u00e0 elle sans h\u00e9siter !<\/p><cite>Alice<\/cite><\/blockquote><\/figure>\n\n\n\n<figure class=\"wp-block-pullquote has-text-align-center is-style-plain has-small-font-size\" style=\"border-style:none;border-width:0px;border-top-left-radius:20px;border-top-right-radius:20px;border-bottom-left-radius:20px;border-bottom-right-radius:20px\"><blockquote><p>Un super travail. Tr\u00e8s agr\u00e9able et d\u2019une patience avec les enfants extra. <br>Je recommande les yeux ferm\u00e9s. Les photos sont magnifiques et naturelles.<\/p><cite>Marine<\/cite><\/blockquote><\/figure>\n\n\n\n<figure class=\"wp-block-pullquote has-text-align-center is-style-plain has-text-color has-link-color has-small-font-size wp-elements-9bfe04e635f6185483af7a225e512484\" style=\"border-style:none;border-width:0px;border-top-left-radius:20px;border-top-right-radius:20px;border-bottom-left-radius:20px;border-bottom-right-radius:20px;color:#ffceeb\"><blockquote><p>Superbe exp\u00e9rience avec une s\u00e9ance photo grossesse offerte par mes copines. Emeline a \u00e9t\u00e9 tr\u00e8s professionnelle et \u00e0 l\u2019\u00e9coute. C\u2019\u00e9tait notre premi\u00e8re exp\u00e9rience devant l\u2019objectif et elle a su nous mettre \u00e0 l\u2019aise pour une s\u00e9ance au bord de la Dordogne. Elle est tr\u00e8s gentille et patiente avec les enfants. Nous sommes tr\u00e8s contents du rendu final des photos. Un grand merci \u00e0 elle.<br>Nous recommandons les yeux ferm\u00e9s ! <img loading=\"lazy\" decoding=\"async\" height=\"16\" width=\"16\" src=\"https:\/\/static.xx.fbcdn.net\/images\/emoji.php\/v9\/t57\/1\/16\/1f609.png\" alt=\"\ud83d\ude09\"><\/p><cite>Justine, Anthony et marius<\/cite><\/blockquote><\/figure>\n\n\n\n<figure class=\"wp-block-pullquote has-text-align-center is-style-plain has-small-font-size\" style=\"border-style:none;border-width:0px;border-top-left-radius:20px;border-top-right-radius:20px;border-bottom-left-radius:20px;border-bottom-right-radius:20px\"><blockquote><p>Tr\u00e8s bonne photographe, des photos incroyables, je recommande fortement <img loading=\"lazy\" decoding=\"async\" height=\"16\" width=\"16\" src=\"https:\/\/static.xx.fbcdn.net\/images\/emoji.php\/v9\/tfc\/1\/16\/1f44d.png\" alt=\"\ud83d\udc4d\"> Merci pour ton professionnalisme et ton travail , la qualit\u00e9 est sans aucun doute pr\u00e9sente , on se revoit l&rsquo;ann\u00e9e prochaine pour d&rsquo;autres photos <img loading=\"lazy\" decoding=\"async\" height=\"16\" width=\"16\" src=\"https:\/\/static.xx.fbcdn.net\/images\/emoji.php\/v9\/tfb\/1\/16\/263a.png\" alt=\"\u263a\ufe0f\"><\/p><cite>Alicia et Nicolas<\/cite><\/blockquote><\/figure>\n\n\n\n<figure class=\"wp-block-pullquote has-text-align-center is-style-plain has-text-color has-link-color has-small-font-size wp-elements-fe2cf4e3fecf7d82ec2a1e9ea67eb748\" style=\"border-style:none;border-width:0px;border-top-left-radius:20px;border-top-right-radius:20px;border-bottom-left-radius:20px;border-bottom-right-radius:20px;color:#ffceeb\"><blockquote><p>Pour mon premier shooting (shooting de grossesse) j&rsquo;ai v\u00e9cu une super exp\u00e9rience, je me suis sentie \u00e0 l&rsquo;aise et tr\u00e8s beaux r\u00e9sultats. Heureuse exp\u00e9rience, je recommande grandement \u00c9meline, merci !<\/p><cite>Elisa<\/cite><\/blockquote><\/figure>\n\n\n\n<figure class=\"wp-block-pullquote has-text-align-center is-style-plain has-small-font-size\" style=\"border-style:none;border-width:0px;border-top-left-radius:20px;border-top-right-radius:20px;border-bottom-left-radius:20px;border-bottom-right-radius:20px\"><blockquote><p>Une belle personne, tr\u00e8s professionnelle, \u00e0 l \u00e9coute, je la recommande elle m\u00e9rite. Merci pour le mariage de ma fille Alicia et Nicolas <img loading=\"lazy\" decoding=\"async\" height=\"16\" width=\"16\" src=\"https:\/\/static.xx.fbcdn.net\/images\/emoji.php\/v9\/tfc\/1\/16\/1f44d.png\" alt=\"\ud83d\udc4d\"><img loading=\"lazy\" decoding=\"async\" height=\"16\" width=\"16\" src=\"https:\/\/static.xx.fbcdn.net\/images\/emoji.php\/v9\/tea\/1\/16\/1f970.png\" alt=\"\ud83e\udd70\"><\/p><cite>Chantal<\/cite><\/blockquote><\/figure>\n\n\n\n<figure class=\"wp-block-pullquote has-text-align-center is-style-plain has-text-color has-link-color has-small-font-size wp-elements-a746e945fabe4af127ae33aaedde107d\" style=\"border-style:none;border-width:0px;border-top-left-radius:20px;border-top-right-radius:20px;border-bottom-left-radius:20px;border-bottom-right-radius:20px;color:#ffceeb\"><blockquote><p>Excellente rencontre avec cette professionnelle photographe, qui m&rsquo;a \u00e9t\u00e9 conseill\u00e9e par des amies. Belle d\u00e9couverte d&rsquo;une jeune personne qui sait nous mettre en valeur devant son objectif. Je suis ravie de mon shooting photos et les cartes cadeaux sont une bonne formule pour faire plaisir. Encore un grand merci \u00e0 Reflets d&rsquo;\u00e2mes<\/p><cite>Sylvie<\/cite><\/blockquote><\/figure>\n\n\n\n<figure class=\"wp-block-pullquote has-text-align-center is-style-plain has-small-font-size\" style=\"border-style:none;border-width:0px;border-top-left-radius:20px;border-top-right-radius:20px;border-bottom-left-radius:20px;border-bottom-right-radius:20px\"><blockquote><p>Une tr\u00e8s bonne exp\u00e9rience avec Emeline ! Je vous la recommande pour vos shooting&nbsp;\ud83d\ude42<\/p><cite>Zo\u00e9<\/cite><\/blockquote><\/figure>\n\n\n\n<figure class=\"wp-block-pullquote has-text-align-center is-style-plain has-text-color has-link-color has-small-font-size wp-elements-bfb8de39de818fc1f9b2309fe45ffae2\" style=\"border-style:none;border-width:0px;border-top-left-radius:20px;border-top-right-radius:20px;border-bottom-left-radius:20px;border-bottom-right-radius:20px;color:#ffceeb\"><blockquote><p>Un grand merci \u00e0 Emeline pour la qualit\u00e9 de son travail. Elle a su nous mettre \u00e0 l&rsquo;aise et a r\u00e9alis\u00e9 de tr\u00e8s belles photos, authentiques et qui nous ressemblent. De plus, elle a \u00e9t\u00e9 tr\u00e8s rapide dans l&rsquo;envoi du contenu.<br>Vous pouvez lui faire confiance pour immortaliser vos plus beaux moments.<\/p><cite>Clarisse et Maxime<\/cite><\/blockquote><\/figure>\n\n\n\n<figure class=\"wp-block-pullquote has-text-align-center is-style-plain has-small-font-size\" style=\"border-style:none;border-width:0px;border-top-left-radius:20px;border-top-right-radius:20px;border-bottom-left-radius:20px;border-bottom-right-radius:20px\"><blockquote><p>Un immense merci \u00e0 \u00c9meline pour son travail incroyable lors de notre mariage. Elle a su capturer chaque moment avec beaucoup de sensibilit\u00e9, de discr\u00e9tion et de justesse.<br><br>Les photos sont magnifiques, naturelles, pleines d\u2019\u00e9motion, exactement ce qu\u2019on esp\u00e9rait, et m\u00eame au-del\u00e0. On revit cette journ\u00e9e \u00e0 chaque fois qu\u2019on les regarde.<br><br>Au-del\u00e0 de son talent, \u00c9meline est une personne joviale, \u00e0 l\u2019\u00e9coute, patiente, qui met tout de suite \u00e0 l\u2019aise.<br><br>Nous la recommandons les yeux ferm\u00e9s \u00e0 tous ceux qui veulent des souvenirs remplis d\u2019\u00e9motions pour ne jamais oublier les plus importantes journ\u00e9es de leur vie.<\/p><cite>Marie et David<\/cite><\/blockquote><\/figure>\n\n\n\n<figure class=\"wp-block-pullquote has-text-align-center is-style-plain has-text-color has-link-color has-small-font-size wp-elements-8af2efd12dc9dcfc2bfa116edb37a496\" style=\"border-style:none;border-width:0px;border-top-left-radius:20px;border-top-right-radius:20px;border-bottom-left-radius:20px;border-bottom-right-radius:20px;color:#ffceeb\"><blockquote><p>\ud83c\udf3f Nous avons eu le plaisir d\u2019accueillir \u00c9meline \u00e0 la Clairi\u00e8re pour un reportage photo. Elle s\u2019est montr\u00e9e s\u00e9rieuse, ponctuelle et investie tout au long de la collaboration. Elle nous a livr\u00e9 des photos de bonne qualit\u00e9, en accord avec l\u2019univers du lieu. Merci, au plaisir ! <\/p><cite>Aurore et florian &#8211; Eco Camping la Clairi\u00e8re<\/cite><\/blockquote><\/figure>\n\n\n\n<figure class=\"wp-block-pullquote has-text-align-center is-style-plain has-small-font-size\" style=\"border-style:none;border-width:0px;border-top-left-radius:20px;border-top-right-radius:20px;border-bottom-left-radius:20px;border-bottom-right-radius:20px\"><blockquote><p>Merci \u00e0 \u00c9meline pour sa disponibilit\u00e9, sa gentillesse et la qualit\u00e9 de ses photos \ud83d\ude01<\/p><cite>Alexandre<\/cite><\/blockquote><\/figure>\n\n\n\n<figure class=\"wp-block-pullquote has-text-align-center is-style-plain has-text-color has-link-color has-small-font-size wp-elements-31ad77a41f3a1dc782ebb7f58dbd96ca\" style=\"border-style:none;border-width:0px;border-top-left-radius:20px;border-top-right-radius:20px;border-bottom-left-radius:20px;border-bottom-right-radius:20px;color:#ffceeb\"><blockquote><p>Tr\u00e8s professionnelle avec un sens artistique. Communication fluide, \u00e0 l&rsquo;\u00e9coute des besoins et envies.<\/p><cite>Isabelle &#8211; Entreprise cosm\u00e9tique Ibsyflor<\/cite><\/blockquote><\/figure>\n\n\n\n<figure class=\"wp-block-pullquote has-text-align-center is-style-plain has-small-font-size\" style=\"border-style:none;border-width:0px;border-top-left-radius:20px;border-top-right-radius:20px;border-bottom-left-radius:20px;border-bottom-right-radius:20px\"><blockquote><p>Merci \u00c9meline pour votre prestation lors de notre f\u00eate d&rsquo;anniversaire, tr\u00e8s belle qualit\u00e9 des photos. Nous vous remercions aussi pour votre disponibilit\u00e9 et gentillesse.<\/p><cite>Didier<\/cite><\/blockquote><\/figure>\n","protected":false},"excerpt":{"rendered":"<p>Vos avis Merci pour ce superbe shooting grossesse \ud83e\udd30Le r\u00e9sultat des photos est exactement comme je le souhaitais \ud83e\udd79Emeline a<\/p>\n<p><a href=\"https:\/\/refletsdames.fr\/?page_id=1144\" class=\"more-link\">Continue reading<span class=\"screen-reader-text\">Avis<\/span><\/a><\/p>\n","protected":false},"author":1,"featured_media":1027,"parent":0,"menu_order":0,"comment_status":"closed","ping_status":"closed","template":"","meta":{"footnotes":""},"class_list":["post-1144","page","type-page","status-publish","has-post-thumbnail","hentry"],"yoast_head":"<!-- This site is optimized with the Yoast SEO plugin v26.9 - https:\/\/yoast.com\/product\/yoast-seo-wordpress\/ -->\n<title>Avis - Reflets d&#039;\u00e2mes<\/title>\n<meta name=\"robots\" content=\"index, follow, max-snippet:-1, max-image-preview:large, max-video-preview:-1\" \/>\n<link rel=\"canonical\" href=\"https:\/\/refletsdames.fr\/?page_id=1144\" \/>\n<meta property=\"og:locale\" content=\"fr_FR\" \/>\n<meta property=\"og:type\" content=\"article\" \/>\n<meta property=\"og:title\" content=\"Avis - Reflets d&#039;\u00e2mes\" \/>\n<meta property=\"og:description\" content=\"Vos avis Merci pour ce superbe shooting grossesse \ud83e\udd30Le r\u00e9sultat des photos est exactement comme je le souhaitais \ud83e\udd79Emeline aContinue readingAvis\" \/>\n<meta property=\"og:url\" content=\"https:\/\/refletsdames.fr\/?page_id=1144\" \/>\n<meta property=\"og:site_name\" content=\"Reflets d&#039;\u00e2mes\" \/>\n<meta property=\"article:publisher\" content=\"https:\/\/www.facebook.com\/profile.php?id=100032786574050\" \/>\n<meta property=\"article:modified_time\" content=\"2026-05-04T09:31:22+00:00\" \/>\n<meta property=\"og:image\" content=\"http:\/\/refletsdames.fr\/wp-content\/uploads\/2025\/11\/IMG_8436-scaled.jpg\" \/>\n\t<meta property=\"og:image:width\" content=\"1707\" \/>\n\t<meta property=\"og:image:height\" content=\"2560\" \/>\n\t<meta property=\"og:image:type\" content=\"image\/jpeg\" \/>\n<meta name=\"twitter:card\" content=\"summary_large_image\" \/>\n<meta name=\"twitter:label1\" content=\"Dur\u00e9e de lecture estim\u00e9e\" \/>\n\t<meta name=\"twitter:data1\" content=\"1 minute\" \/>\n<script type=\"application\/ld+json\" class=\"yoast-schema-graph\">{\"@context\":\"https:\/\/schema.org\",\"@graph\":[{\"@type\":\"WebPage\",\"@id\":\"https:\/\/refletsdames.fr\/?page_id=1144\",\"url\":\"https:\/\/refletsdames.fr\/?page_id=1144\",\"name\":\"Avis - Reflets d&#039;\u00e2mes\",\"isPartOf\":{\"@id\":\"https:\/\/refletsdames.fr\/#website\"},\"primaryImageOfPage\":{\"@id\":\"https:\/\/refletsdames.fr\/?page_id=1144#primaryimage\"},\"image\":{\"@id\":\"https:\/\/refletsdames.fr\/?page_id=1144#primaryimage\"},\"thumbnailUrl\":\"https:\/\/refletsdames.fr\/wp-content\/uploads\/2025\/11\/IMG_8436-scaled.jpg\",\"datePublished\":\"2026-02-05T14:52:04+00:00\",\"dateModified\":\"2026-05-04T09:31:22+00:00\",\"breadcrumb\":{\"@id\":\"https:\/\/refletsdames.fr\/?page_id=1144#breadcrumb\"},\"inLanguage\":\"fr-FR\",\"potentialAction\":[{\"@type\":\"ReadAction\",\"target\":[\"https:\/\/refletsdames.fr\/?page_id=1144\"]}]},{\"@type\":\"ImageObject\",\"inLanguage\":\"fr-FR\",\"@id\":\"https:\/\/refletsdames.fr\/?page_id=1144#primaryimage\",\"url\":\"https:\/\/refletsdames.fr\/wp-content\/uploads\/2025\/11\/IMG_8436-scaled.jpg\",\"contentUrl\":\"https:\/\/refletsdames.fr\/wp-content\/uploads\/2025\/11\/IMG_8436-scaled.jpg\",\"width\":1707,\"height\":2560},{\"@type\":\"BreadcrumbList\",\"@id\":\"https:\/\/refletsdames.fr\/?page_id=1144#breadcrumb\",\"itemListElement\":[{\"@type\":\"ListItem\",\"position\":1,\"name\":\"Accueil\",\"item\":\"https:\/\/refletsdames.fr\/\"},{\"@type\":\"ListItem\",\"position\":2,\"name\":\"Avis\"}]},{\"@type\":\"WebSite\",\"@id\":\"https:\/\/refletsdames.fr\/#website\",\"url\":\"https:\/\/refletsdames.fr\/\",\"name\":\"Reflets d'\u00e2mes\",\"description\":\"\",\"publisher\":{\"@id\":\"https:\/\/refletsdames.fr\/#organization\"},\"potentialAction\":[{\"@type\":\"SearchAction\",\"target\":{\"@type\":\"EntryPoint\",\"urlTemplate\":\"https:\/\/refletsdames.fr\/?s={search_term_string}\"},\"query-input\":{\"@type\":\"PropertyValueSpecification\",\"valueRequired\":true,\"valueName\":\"search_term_string\"}}],\"inLanguage\":\"fr-FR\"},{\"@type\":\"Organization\",\"@id\":\"https:\/\/refletsdames.fr\/#organization\",\"name\":\"Reflets d'\u00e2mes\",\"url\":\"https:\/\/refletsdames.fr\/\",\"logo\":{\"@type\":\"ImageObject\",\"inLanguage\":\"fr-FR\",\"@id\":\"https:\/\/refletsdames.fr\/#\/schema\/logo\/image\/\",\"url\":\"https:\/\/refletsdames.fr\/wp-content\/uploads\/2024\/07\/cropped-REFLETS-DAMES-LOGO-NOIR.jpg\",\"contentUrl\":\"https:\/\/refletsdames.fr\/wp-content\/uploads\/2024\/07\/cropped-REFLETS-DAMES-LOGO-NOIR.jpg\",\"width\":512,\"height\":512,\"caption\":\"Reflets d'\u00e2mes\"},\"image\":{\"@id\":\"https:\/\/refletsdames.fr\/#\/schema\/logo\/image\/\"},\"sameAs\":[\"https:\/\/www.facebook.com\/profile.php?id=100032786574050\",\"https:\/\/www.instagram.com\/refletsdames\/\"]}]}<\/script>\n<!-- \/ Yoast SEO plugin. -->","yoast_head_json":{"title":"Avis - Reflets d&#039;\u00e2mes","robots":{"index":"index","follow":"follow","max-snippet":"max-snippet:-1","max-image-preview":"max-image-preview:large","max-video-preview":"max-video-preview:-1"},"canonical":"https:\/\/refletsdames.fr\/?page_id=1144","og_locale":"fr_FR","og_type":"article","og_title":"Avis - Reflets d&#039;\u00e2mes","og_description":"Vos avis Merci pour ce superbe shooting grossesse \ud83e\udd30Le r\u00e9sultat des photos est exactement comme je le souhaitais \ud83e\udd79Emeline aContinue readingAvis","og_url":"https:\/\/refletsdames.fr\/?page_id=1144","og_site_name":"Reflets d&#039;\u00e2mes","article_publisher":"https:\/\/www.facebook.com\/profile.php?id=100032786574050","article_modified_time":"2026-05-04T09:31:22+00:00","og_image":[{"width":1707,"height":2560,"url":"http:\/\/refletsdames.fr\/wp-content\/uploads\/2025\/11\/IMG_8436-scaled.jpg","type":"image\/jpeg"}],"twitter_card":"summary_large_image","twitter_misc":{"Dur\u00e9e de lecture estim\u00e9e":"1 minute"},"schema":{"@context":"https:\/\/schema.org","@graph":[{"@type":"WebPage","@id":"https:\/\/refletsdames.fr\/?page_id=1144","url":"https:\/\/refletsdames.fr\/?page_id=1144","name":"Avis - Reflets d&#039;\u00e2mes","isPartOf":{"@id":"https:\/\/refletsdames.fr\/#website"},"primaryImageOfPage":{"@id":"https:\/\/refletsdames.fr\/?page_id=1144#primaryimage"},"image":{"@id":"https:\/\/refletsdames.fr\/?page_id=1144#primaryimage"},"thumbnailUrl":"https:\/\/refletsdames.fr\/wp-content\/uploads\/2025\/11\/IMG_8436-scaled.jpg","datePublished":"2026-02-05T14:52:04+00:00","dateModified":"2026-05-04T09:31:22+00:00","breadcrumb":{"@id":"https:\/\/refletsdames.fr\/?page_id=1144#breadcrumb"},"inLanguage":"fr-FR","potentialAction":[{"@type":"ReadAction","target":["https:\/\/refletsdames.fr\/?page_id=1144"]}]},{"@type":"ImageObject","inLanguage":"fr-FR","@id":"https:\/\/refletsdames.fr\/?page_id=1144#primaryimage","url":"https:\/\/refletsdames.fr\/wp-content\/uploads\/2025\/11\/IMG_8436-scaled.jpg","contentUrl":"https:\/\/refletsdames.fr\/wp-content\/uploads\/2025\/11\/IMG_8436-scaled.jpg","width":1707,"height":2560},{"@type":"BreadcrumbList","@id":"https:\/\/refletsdames.fr\/?page_id=1144#breadcrumb","itemListElement":[{"@type":"ListItem","position":1,"name":"Accueil","item":"https:\/\/refletsdames.fr\/"},{"@type":"ListItem","position":2,"name":"Avis"}]},{"@type":"WebSite","@id":"https:\/\/refletsdames.fr\/#website","url":"https:\/\/refletsdames.fr\/","name":"Reflets d'\u00e2mes","description":"","publisher":{"@id":"https:\/\/refletsdames.fr\/#organization"},"potentialAction":[{"@type":"SearchAction","target":{"@type":"EntryPoint","urlTemplate":"https:\/\/refletsdames.fr\/?s={search_term_string}"},"query-input":{"@type":"PropertyValueSpecification","valueRequired":true,"valueName":"search_term_string"}}],"inLanguage":"fr-FR"},{"@type":"Organization","@id":"https:\/\/refletsdames.fr\/#organization","name":"Reflets d'\u00e2mes","url":"https:\/\/refletsdames.fr\/","logo":{"@type":"ImageObject","inLanguage":"fr-FR","@id":"https:\/\/refletsdames.fr\/#\/schema\/logo\/image\/","url":"https:\/\/refletsdames.fr\/wp-content\/uploads\/2024\/07\/cropped-REFLETS-DAMES-LOGO-NOIR.jpg","contentUrl":"https:\/\/refletsdames.fr\/wp-content\/uploads\/2024\/07\/cropped-REFLETS-DAMES-LOGO-NOIR.jpg","width":512,"height":512,"caption":"Reflets d'\u00e2mes"},"image":{"@id":"https:\/\/refletsdames.fr\/#\/schema\/logo\/image\/"},"sameAs":["https:\/\/www.facebook.com\/profile.php?id=100032786574050","https:\/\/www.instagram.com\/refletsdames\/"]}]}},"_links":{"self":[{"href":"https:\/\/refletsdames.fr\/index.php?rest_route=\/wp\/v2\/pages\/1144","targetHints":{"allow":["GET"]}}],"collection":[{"href":"https:\/\/refletsdames.fr\/index.php?rest_route=\/wp\/v2\/pages"}],"about":[{"href":"https:\/\/refletsdames.fr\/index.php?rest_route=\/wp\/v2\/types\/page"}],"author":[{"embeddable":true,"href":"https:\/\/refletsdames.fr\/index.php?rest_route=\/wp\/v2\/users\/1"}],"replies":[{"embeddable":true,"href":"https:\/\/refletsdames.fr\/index.php?rest_route=%2Fwp%2Fv2%2Fcomments&post=1144"}],"version-history":[{"count":50,"href":"https:\/\/refletsdames.fr\/index.php?rest_route=\/wp\/v2\/pages\/1144\/revisions"}],"predecessor-version":[{"id":1240,"href":"https:\/\/refletsdames.fr\/index.php?rest_route=\/wp\/v2\/pages\/1144\/revisions\/1240"}],"wp:featuredmedia":[{"embeddable":true,"href":"https:\/\/refletsdames.fr\/index.php?rest_route=\/wp\/v2\/media\/1027"}],"wp:attachment":[{"href":"https:\/\/refletsdames.fr\/index.php?rest_route=%2Fwp%2Fv2%2Fmedia&parent=1144"}],"curies":[{"name":"wp","href":"https:\/\/api.w.org\/{rel}","templated":true}]}}