{"id":106,"date":"2025-11-24T15:10:04","date_gmt":"2025-11-24T14:10:04","guid":{"rendered":"https:\/\/refletsdames.fr\/?page_id=106"},"modified":"2026-02-05T17:13:01","modified_gmt":"2026-02-05T16:13:01","slug":"galeries","status":"publish","type":"page","link":"https:\/\/refletsdames.fr\/?page_id=106","title":{"rendered":"Galeries"},"content":{"rendered":"\n<p class=\"has-text-align-center has-light-gray-color has-text-color has-link-color wp-elements-6e95a7a7587303c7d048664349e89d64\">Vous cherchez un photographe dans le Lot, retrouvez certaines de mes photos dans les diff\u00e9rentes galeries ci-dessous. Si mon style vous correspond vous pouvez m&rsquo;\u00e9crire ou me t\u00e9l\u00e9phoner au 06 02 72 25 60.<\/p>\n\n\n\n<div class=\"wp-block-group alignwide\"><div class=\"wp-block-group__inner-container is-layout-constrained wp-block-group-is-layout-constrained\">\n<div class=\"wp-block-group alignfull\"><div class=\"wp-block-group__inner-container is-layout-constrained wp-block-group-is-layout-constrained\">\n<div class=\"wp-block-buttons is-content-justification-center is-layout-flex wp-container-core-buttons-is-layout-16018d1d wp-block-buttons-is-layout-flex\">\n<div class=\"wp-block-button has-custom-width wp-block-button__width-75 is-style-fill\"><a class=\"wp-block-button__link has-black-color has-text-color has-background has-link-color has-normal-font-size has-custom-font-size wp-element-button\" href=\"https:\/\/refletsdames.fr\/?page_id=110\" style=\"background-color:#ffceeb;font-style:normal;font-weight:300\"><strong>Mariages<\/strong><\/a><\/div>\n\n\n\n<div class=\"wp-block-button has-custom-width wp-block-button__width-50 is-style-fill\"><a class=\"wp-block-button__link has-black-color has-text-color has-background has-link-color has-normal-font-size has-custom-font-size wp-element-button\" href=\"https:\/\/refletsdames.fr\/wp-admin\/post.php?post=608&amp;action=edit\" style=\"background-color:#ffceeb;font-style:normal;font-weight:300\"><strong>Grossesses<\/strong><\/a><\/div>\n\n\n\n<div class=\"wp-block-button has-custom-width wp-block-button__width-50 is-style-fill\"><a class=\"wp-block-button__link has-black-color has-text-color has-background has-link-color has-normal-font-size has-custom-font-size wp-element-button\" href=\"https:\/\/refletsdames.fr\/?page_id=111\" style=\"background-color:#ffceeb;font-style:normal;font-weight:300\"><strong>entreprises<\/strong><\/a><\/div>\n\n\n\n<div class=\"wp-block-button has-custom-width wp-block-button__width-50 is-style-fill\"><a class=\"wp-block-button__link has-black-color has-text-color has-background has-link-color has-normal-font-size has-custom-font-size wp-element-button\" href=\"https:\/\/refletsdames.fr\/?page_id=343\" style=\"background-color:#ffceeb;font-style:normal;font-weight:300\"><strong>\u00c9v\u00c8nements<\/strong><\/a><\/div>\n\n\n\n<div class=\"wp-block-button has-custom-width wp-block-button__width-50 is-style-fill\"><a class=\"wp-block-button__link has-black-color has-text-color has-background has-link-color has-normal-font-size has-custom-font-size wp-element-button\" href=\"https:\/\/refletsdames.fr\/?page_id=112\" style=\"background-color:#ffceeb;font-style:normal;font-weight:300\"><strong>Art<\/strong><\/a><\/div>\n<\/div>\n<\/div><\/div>\n<\/div><\/div>\n\n\n\n<p><\/p>\n","protected":false},"excerpt":{"rendered":"<p>Vous cherchez un photographe dans le Lot, retrouvez certaines de mes photos dans les diff\u00e9rentes galeries ci-dessous. Si mon style<\/p>\n<p><a href=\"https:\/\/refletsdames.fr\/?page_id=106\" class=\"more-link\">Continue reading<span class=\"screen-reader-text\">Galeries<\/span><\/a><\/p>\n","protected":false},"author":1,"featured_media":0,"parent":0,"menu_order":0,"comment_status":"closed","ping_status":"closed","template":"templates\/full-width-page.php","meta":{"footnotes":""},"class_list":["post-106","page","type-page","status-publish","hentry"],"yoast_head":"<!-- This site is optimized with the Yoast SEO plugin v26.9 - https:\/\/yoast.com\/product\/yoast-seo-wordpress\/ -->\n<title>Galeries - Reflets d&#039;\u00e2mes<\/title>\n<meta name=\"robots\" content=\"index, follow, max-snippet:-1, max-image-preview:large, max-video-preview:-1\" \/>\n<link rel=\"canonical\" href=\"https:\/\/refletsdames.fr\/?page_id=106\" \/>\n<meta property=\"og:locale\" content=\"fr_FR\" \/>\n<meta property=\"og:type\" content=\"article\" \/>\n<meta property=\"og:title\" content=\"Galeries photos - Reflets d&#039;\u00e2mes\" \/>\n<meta property=\"og:description\" content=\"Vous cherchez un photographe dans le Lot, retrouvez certaines de mes photos dans les diff\u00e9rentes galeries ci-dessous. Si mon styleContinue readingGaleries\" \/>\n<meta property=\"og:url\" content=\"https:\/\/refletsdames.fr\/?page_id=106\" \/>\n<meta property=\"og:site_name\" content=\"Reflets d&#039;\u00e2mes\" \/>\n<meta property=\"article:publisher\" content=\"https:\/\/www.facebook.com\/profile.php?id=100032786574050\" \/>\n<meta property=\"article:modified_time\" content=\"2026-02-05T16:13:01+00:00\" \/>\n<meta name=\"twitter:card\" content=\"summary_large_image\" \/>\n<meta name=\"twitter:label1\" content=\"Dur\u00e9e de lecture estim\u00e9e\" \/>\n\t<meta name=\"twitter:data1\" content=\"1 minute\" \/>\n<script type=\"application\/ld+json\" class=\"yoast-schema-graph\">{\"@context\":\"https:\/\/schema.org\",\"@graph\":[{\"@type\":\"WebPage\",\"@id\":\"https:\/\/refletsdames.fr\/?page_id=106\",\"url\":\"https:\/\/refletsdames.fr\/?page_id=106\",\"name\":\"Galeries - Reflets d&#039;\u00e2mes\",\"isPartOf\":{\"@id\":\"https:\/\/refletsdames.fr\/#website\"},\"datePublished\":\"2025-11-24T14:10:04+00:00\",\"dateModified\":\"2026-02-05T16:13:01+00:00\",\"breadcrumb\":{\"@id\":\"https:\/\/refletsdames.fr\/?page_id=106#breadcrumb\"},\"inLanguage\":\"fr-FR\",\"potentialAction\":[{\"@type\":\"ReadAction\",\"target\":[\"https:\/\/refletsdames.fr\/?page_id=106\"]}]},{\"@type\":\"BreadcrumbList\",\"@id\":\"https:\/\/refletsdames.fr\/?page_id=106#breadcrumb\",\"itemListElement\":[{\"@type\":\"ListItem\",\"position\":1,\"name\":\"Accueil\",\"item\":\"https:\/\/refletsdames.fr\/\"},{\"@type\":\"ListItem\",\"position\":2,\"name\":\"Galeries\"}]},{\"@type\":\"WebSite\",\"@id\":\"https:\/\/refletsdames.fr\/#website\",\"url\":\"https:\/\/refletsdames.fr\/\",\"name\":\"Reflets d'\u00e2mes\",\"description\":\"\",\"publisher\":{\"@id\":\"https:\/\/refletsdames.fr\/#organization\"},\"potentialAction\":[{\"@type\":\"SearchAction\",\"target\":{\"@type\":\"EntryPoint\",\"urlTemplate\":\"https:\/\/refletsdames.fr\/?s={search_term_string}\"},\"query-input\":{\"@type\":\"PropertyValueSpecification\",\"valueRequired\":true,\"valueName\":\"search_term_string\"}}],\"inLanguage\":\"fr-FR\"},{\"@type\":\"Organization\",\"@id\":\"https:\/\/refletsdames.fr\/#organization\",\"name\":\"Reflets d'\u00e2mes\",\"url\":\"https:\/\/refletsdames.fr\/\",\"logo\":{\"@type\":\"ImageObject\",\"inLanguage\":\"fr-FR\",\"@id\":\"https:\/\/refletsdames.fr\/#\/schema\/logo\/image\/\",\"url\":\"https:\/\/refletsdames.fr\/wp-content\/uploads\/2024\/07\/cropped-REFLETS-DAMES-LOGO-NOIR.jpg\",\"contentUrl\":\"https:\/\/refletsdames.fr\/wp-content\/uploads\/2024\/07\/cropped-REFLETS-DAMES-LOGO-NOIR.jpg\",\"width\":512,\"height\":512,\"caption\":\"Reflets d'\u00e2mes\"},\"image\":{\"@id\":\"https:\/\/refletsdames.fr\/#\/schema\/logo\/image\/\"},\"sameAs\":[\"https:\/\/www.facebook.com\/profile.php?id=100032786574050\",\"https:\/\/www.instagram.com\/refletsdames\/\"]}]}<\/script>\n<!-- \/ Yoast SEO plugin. -->","yoast_head_json":{"title":"Galeries - Reflets d&#039;\u00e2mes","robots":{"index":"index","follow":"follow","max-snippet":"max-snippet:-1","max-image-preview":"max-image-preview:large","max-video-preview":"max-video-preview:-1"},"canonical":"https:\/\/refletsdames.fr\/?page_id=106","og_locale":"fr_FR","og_type":"article","og_title":"Galeries photos - Reflets d'\u00e2mes","og_description":"Vous cherchez un photographe dans le Lot, retrouvez certaines de mes photos dans les diff\u00e9rentes galeries ci-dessous. Si mon styleContinue readingGaleries","og_url":"https:\/\/refletsdames.fr\/?page_id=106","og_site_name":"Reflets d&#039;\u00e2mes","article_publisher":"https:\/\/www.facebook.com\/profile.php?id=100032786574050","article_modified_time":"2026-02-05T16:13:01+00:00","twitter_card":"summary_large_image","twitter_misc":{"Dur\u00e9e de lecture estim\u00e9e":"1 minute"},"schema":{"@context":"https:\/\/schema.org","@graph":[{"@type":"WebPage","@id":"https:\/\/refletsdames.fr\/?page_id=106","url":"https:\/\/refletsdames.fr\/?page_id=106","name":"Galeries - Reflets d&#039;\u00e2mes","isPartOf":{"@id":"https:\/\/refletsdames.fr\/#website"},"datePublished":"2025-11-24T14:10:04+00:00","dateModified":"2026-02-05T16:13:01+00:00","breadcrumb":{"@id":"https:\/\/refletsdames.fr\/?page_id=106#breadcrumb"},"inLanguage":"fr-FR","potentialAction":[{"@type":"ReadAction","target":["https:\/\/refletsdames.fr\/?page_id=106"]}]},{"@type":"BreadcrumbList","@id":"https:\/\/refletsdames.fr\/?page_id=106#breadcrumb","itemListElement":[{"@type":"ListItem","position":1,"name":"Accueil","item":"https:\/\/refletsdames.fr\/"},{"@type":"ListItem","position":2,"name":"Galeries"}]},{"@type":"WebSite","@id":"https:\/\/refletsdames.fr\/#website","url":"https:\/\/refletsdames.fr\/","name":"Reflets d'\u00e2mes","description":"","publisher":{"@id":"https:\/\/refletsdames.fr\/#organization"},"potentialAction":[{"@type":"SearchAction","target":{"@type":"EntryPoint","urlTemplate":"https:\/\/refletsdames.fr\/?s={search_term_string}"},"query-input":{"@type":"PropertyValueSpecification","valueRequired":true,"valueName":"search_term_string"}}],"inLanguage":"fr-FR"},{"@type":"Organization","@id":"https:\/\/refletsdames.fr\/#organization","name":"Reflets d'\u00e2mes","url":"https:\/\/refletsdames.fr\/","logo":{"@type":"ImageObject","inLanguage":"fr-FR","@id":"https:\/\/refletsdames.fr\/#\/schema\/logo\/image\/","url":"https:\/\/refletsdames.fr\/wp-content\/uploads\/2024\/07\/cropped-REFLETS-DAMES-LOGO-NOIR.jpg","contentUrl":"https:\/\/refletsdames.fr\/wp-content\/uploads\/2024\/07\/cropped-REFLETS-DAMES-LOGO-NOIR.jpg","width":512,"height":512,"caption":"Reflets d'\u00e2mes"},"image":{"@id":"https:\/\/refletsdames.fr\/#\/schema\/logo\/image\/"},"sameAs":["https:\/\/www.facebook.com\/profile.php?id=100032786574050","https:\/\/www.instagram.com\/refletsdames\/"]}]}},"_links":{"self":[{"href":"https:\/\/refletsdames.fr\/index.php?rest_route=\/wp\/v2\/pages\/106","targetHints":{"allow":["GET"]}}],"collection":[{"href":"https:\/\/refletsdames.fr\/index.php?rest_route=\/wp\/v2\/pages"}],"about":[{"href":"https:\/\/refletsdames.fr\/index.php?rest_route=\/wp\/v2\/types\/page"}],"author":[{"embeddable":true,"href":"https:\/\/refletsdames.fr\/index.php?rest_route=\/wp\/v2\/users\/1"}],"replies":[{"embeddable":true,"href":"https:\/\/refletsdames.fr\/index.php?rest_route=%2Fwp%2Fv2%2Fcomments&post=106"}],"version-history":[{"count":21,"href":"https:\/\/refletsdames.fr\/index.php?rest_route=\/wp\/v2\/pages\/106\/revisions"}],"predecessor-version":[{"id":1235,"href":"https:\/\/refletsdames.fr\/index.php?rest_route=\/wp\/v2\/pages\/106\/revisions\/1235"}],"wp:attachment":[{"href":"https:\/\/refletsdames.fr\/index.php?rest_route=%2Fwp%2Fv2%2Fmedia&parent=106"}],"curies":[{"name":"wp","href":"https:\/\/api.w.org\/{rel}","templated":true}]}}